{"id":13178,"date":"2021-01-13T08:26:57","date_gmt":"2021-01-13T06:26:57","guid":{"rendered":"https:\/\/www.motokool.ee\/koolitused\/"},"modified":"2022-03-10T16:09:43","modified_gmt":"2022-03-10T14:09:43","slug":"koolitused","status":"publish","type":"page","link":"https:\/\/www.motokool.ee\/es\/koolitused\/","title":{"rendered":"CURSOS"},"content":{"rendered":"<p>[vc_row el_class=\u00bbhome-page__services\u00bb][vc_column][vc_row_inner equal_height=\u00bbyes\u00bb full_width=\u00bbstretch_row\u00bb full_height=\u00bb\u00bb columns_placement=\u00bbmiddle\u00bb video_bg=\u00bb\u00bb video_bg_url=\u00bbhttps:\/\/www.youtube.com\/watch?v=lMJXxhRFO1k\u00bb video_bg_parallax=\u00bb\u00bb parallax=\u00bb\u00bb parallax_image=\u00bb\u00bb parallax_speed_video=\u00bb1.5&#8243; parallax_speed_bg=\u00bb1.5&#8243; css_animation=\u00bb\u00bb bg_type=\u00bb\u00bb parallax_style=\u00bb\u00bb bg_image_new=\u00bb\u00bb layer_image=\u00bb\u00bb bg_image_repeat=\u00bb\u00bb bg_image_size=\u00bb\u00bb bg_cstm_size=\u00bb\u00bb bg_img_attach=\u00bb\u00bb parallax_sense=\u00bb\u00bb bg_image_posiiton=\u00bb\u00bb animation_direction=\u00bb\u00bb animation_repeat=\u00bb\u00bb video_url=\u00bb\u00bb video_url_2=\u00bb\u00bb u_video_url=\u00bb\u00bb video_opts=\u00bb\u00bb video_poster=\u00bb\u00bb u_start_time=\u00bb\u00bb u_stop_time=\u00bb\u00bb viewport_vdo=\u00bb\u00bb enable_controls=\u00bb\u00bb bg_override=\u00bb\u00bb disable_on_mobile_img_parallax=\u00bb\u00bb parallax_content=\u00bb\u00bb parallax_content_sense=\u00bb\u00bb fadeout_row=\u00bb\u00bb fadeout_start_effect=\u00bb\u00bb enable_overlay=\u00bb\u00bb overlay_color=\u00bb\u00bb overlay_pattern=\u00bb\u00bb overlay_pattern_opacity=\u00bb\u00bb overlay_pattern_size=\u00bb\u00bb overlay_pattern_attachment=\u00bb\u00bb multi_color_overlay=\u00bb\u00bb multi_color_overlay_opacity=\u00bb\u00bb seperator_enable=\u00bb\u00bb seperator_type=\u00bb\u00bb seperator_position=\u00bb\u00bb seperator_shape_size=\u00bb\u00bb seperator_svg_height=\u00bb\u00bb seperator_shape_background=\u00bb\u00bb seperator_shape_border=\u00bb\u00bb seperator_shape_border_color=\u00bb\u00bb seperator_shape_border_width=\u00bb\u00bb icon_type=\u00bb\u00bb icon=\u00bb\u00bb icon_size=\u00bb\u00bb icon_color=\u00bb\u00bb icon_style=\u00bb\u00bb icon_color_bg=\u00bb\u00bb icon_border_style=\u00bb\u00bb icon_color_border=\u00bb\u00bb icon_border_size=\u00bb\u00bb icon_border_radius=\u00bb\u00bb icon_border_spacing=\u00bb\u00bb icon_img=\u00bb\u00bb img_width=\u00bb\u00bb ult_hide_row=\u00bb\u00bb ult_hide_row_large_screen=\u00bb\u00bb ult_hide_row_desktop=\u00bb\u00bb ult_hide_row_tablet=\u00bb\u00bb ult_hide_row_tablet_small=\u00bb\u00bb ult_hide_row_mobile=\u00bb\u00bb ult_hide_row_mobile_large=\u00bb\u00bb el_class=\u00bbhome-page__about-us-row\u00bb css=\u00bb.vc_custom_1614673624402{padding-top: 40px !important;}\u00bb][vc_column_inner width=\u00bb1\/2&#8243; video_bg=\u00bb\u00bb video_bg_url=\u00bbhttps:\/\/www.youtube.com\/watch?v=lMJXxhRFO1k\u00bb video_bg_parallax=\u00bb\u00bb parallax=\u00bb\u00bb parallax_image=\u00bb\u00bb parallax_speed_video=\u00bb1.5&#8243; parallax_speed_bg=\u00bb1.5&#8243; css_animation=\u00bb\u00bb][vc_empty_space height=\u00bb20px\u00bb][vc_column_text]<\/p>\n<h3 style=\"text-align: center;\">CATEGOR\u00cdA A<\/h3>\n<p>[\/vc_column_text][vc_single_image image=\u00bb15060&#8243; img_size=\u00bbfull\u00bb][vc_column_text]El entrenamiento consiste en un curso de teor\u00eda (10 clases de 45 minutos que tendr\u00e1n lugar una vez a la semana por las tardes) y clases pr\u00e1cticas (10 clases de 45 minutos).<\/p>\n<p><strong>Hind: 650 \u20ac &#8211; 850 \u20ac<\/strong>[\/vc_column_text][vc_btn title=\u00bbLEE M\u00c1S\u00bb style=\u00bbclassic\u00bb shape=\u00bbsquare\u00bb color=\u00bbblack\u00bb size=\u00bblg\u00bb css_animation=\u00bbfadeIn\u00bb link=\u00bburl:http%3A%2F%2Fwww.motokool.ee%2Fes%2Fkoolitused%2Fa-categoria%2F|title:A-Kategooria\u00bb][\/vc_column_inner][vc_column_inner width=\u00bb1\/2&#8243;][vc_empty_space height=\u00bb20px\u00bb][vc_column_text]<\/p>\n<h3 style=\"text-align: center;\">URBAN TRAINING DAY<\/h3>\n<p>[\/vc_column_text][vc_single_image image=\u00bb15064&#8243; img_size=\u00bbfull\u00bb][vc_column_text]El entrenamiento urbano est\u00e1 destinado a todos los que hace poco han recibido la categor\u00eda A de conducir y tambi\u00e9n a todo aqu\u00e9l que a\u00fan se sienta inseguro conduciendo su ciclomotor.<\/p>\n<p><strong>Precio: 50 \u20ac &#8211; 90 \u20ac<\/strong>[\/vc_column_text][vc_btn title=\u00bbLEE M\u00c1S\u00bb style=\u00bbclassic\u00bb shape=\u00bbsquare\u00bb color=\u00bbblack\u00bb size=\u00bblg\u00bb css_animation=\u00bbfadeIn\u00bb link=\u00bburl:http%3A%2F%2Fwww.motokool.ee%2Fes%2Fkoolitused%2Furban%2F|title:Urban\u00bb][\/vc_column_inner][\/vc_row_inner][vc_row_inner equal_height=\u00bbyes\u00bb full_width=\u00bbstretch_row\u00bb full_height=\u00bb\u00bb columns_placement=\u00bbmiddle\u00bb video_bg=\u00bb\u00bb video_bg_url=\u00bbhttps:\/\/www.youtube.com\/watch?v=lMJXxhRFO1k\u00bb video_bg_parallax=\u00bb\u00bb parallax=\u00bb\u00bb parallax_image=\u00bb\u00bb parallax_speed_video=\u00bb1.5&#8243; parallax_speed_bg=\u00bb1.5&#8243; css_animation=\u00bb\u00bb bg_type=\u00bb\u00bb parallax_style=\u00bb\u00bb bg_image_new=\u00bb\u00bb layer_image=\u00bb\u00bb bg_image_repeat=\u00bb\u00bb bg_image_size=\u00bb\u00bb bg_cstm_size=\u00bb\u00bb bg_img_attach=\u00bb\u00bb parallax_sense=\u00bb\u00bb bg_image_posiiton=\u00bb\u00bb animation_direction=\u00bb\u00bb animation_repeat=\u00bb\u00bb video_url=\u00bb\u00bb video_url_2=\u00bb\u00bb u_video_url=\u00bb\u00bb video_opts=\u00bb\u00bb video_poster=\u00bb\u00bb u_start_time=\u00bb\u00bb u_stop_time=\u00bb\u00bb viewport_vdo=\u00bb\u00bb enable_controls=\u00bb\u00bb bg_override=\u00bb\u00bb disable_on_mobile_img_parallax=\u00bb\u00bb parallax_content=\u00bb\u00bb parallax_content_sense=\u00bb\u00bb fadeout_row=\u00bb\u00bb fadeout_start_effect=\u00bb\u00bb enable_overlay=\u00bb\u00bb overlay_color=\u00bb\u00bb overlay_pattern=\u00bb\u00bb overlay_pattern_opacity=\u00bb\u00bb overlay_pattern_size=\u00bb\u00bb overlay_pattern_attachment=\u00bb\u00bb multi_color_overlay=\u00bb\u00bb multi_color_overlay_opacity=\u00bb\u00bb seperator_enable=\u00bb\u00bb seperator_type=\u00bb\u00bb seperator_position=\u00bb\u00bb seperator_shape_size=\u00bb\u00bb seperator_svg_height=\u00bb\u00bb seperator_shape_background=\u00bb\u00bb seperator_shape_border=\u00bb\u00bb seperator_shape_border_color=\u00bb\u00bb seperator_shape_border_width=\u00bb\u00bb icon_type=\u00bb\u00bb icon=\u00bb\u00bb icon_size=\u00bb\u00bb icon_color=\u00bb\u00bb icon_style=\u00bb\u00bb icon_color_bg=\u00bb\u00bb icon_border_style=\u00bb\u00bb icon_color_border=\u00bb\u00bb icon_border_size=\u00bb\u00bb icon_border_radius=\u00bb\u00bb icon_border_spacing=\u00bb\u00bb icon_img=\u00bb\u00bb img_width=\u00bb\u00bb ult_hide_row=\u00bb\u00bb ult_hide_row_large_screen=\u00bb\u00bb ult_hide_row_desktop=\u00bb\u00bb ult_hide_row_tablet=\u00bb\u00bb ult_hide_row_tablet_small=\u00bb\u00bb ult_hide_row_mobile=\u00bb\u00bb ult_hide_row_mobile_large=\u00bb\u00bb el_class=\u00bbhome-page__about-us-row\u00bb css=\u00bb.vc_custom_1614673624402{padding-top: 40px !important;}\u00bb][vc_column_inner width=\u00bb1\/2&#8243; video_bg=\u00bb\u00bb video_bg_url=\u00bbhttps:\/\/www.youtube.com\/watch?v=lMJXxhRFO1k\u00bb video_bg_parallax=\u00bb\u00bb parallax=\u00bb\u00bb parallax_image=\u00bb\u00bb parallax_speed_video=\u00bb1.5&#8243; parallax_speed_bg=\u00bb1.5&#8243; css_animation=\u00bb\u00bb][vc_empty_space height=\u00bb20px\u00bb][vc_column_text]<\/p>\n<h3 style=\"text-align: center;\">TRACK TRAINING DAY LEVEL1<\/h3>\n<p>[\/vc_column_text][vc_single_image image=\u00bb14399&#8243; img_size=\u00bbfull\u00bb][vc_column_text]Este curso es dirigido a los que han comenzado a conducir hace poco y desean elevar sus capacidades.<\/p>\n<p><strong>Precio: 120 \u20ac<\/strong>[\/vc_column_text][vc_btn title=\u00bbLEE M\u00c1S\u00bb style=\u00bbclassic\u00bb shape=\u00bbsquare\u00bb color=\u00bbblack\u00bb size=\u00bblg\u00bb css_animation=\u00bbfadeIn\u00bb link=\u00bburl:http%3A%2F%2Fwww.motokool.ee%2Fes%2Fkoolitused%2Ftrack-training-day%2F|title:Track\u00bb][\/vc_column_inner][vc_column_inner width=\u00bb1\/2&#8243;][vc_empty_space height=\u00bb20px\u00bb][vc_column_text]<\/p>\n<h3 style=\"text-align: center;\">TRACK TRAINING DAY LEVEL2<\/h3>\n<p>[\/vc_column_text][vc_single_image image=\u00bb14515&#8243; img_size=\u00bbfull\u00bb][vc_column_text]NIVEL 2 (curso de dos d\u00edas)- es un curso para aquellos m\u00e1s avanzados, recomendado para quellos que hayan superado el curso NIVEL 1 o para aquellos que si que han tenido m\u00e1s pr\u00e1ctica conduciendo.<\/p>\n<p><strong>Precio: 330 \u20ac<\/strong>[\/vc_column_text][vc_btn title=\u00bbLEE M\u00c1S\u00bb style=\u00bbclassic\u00bb shape=\u00bbsquare\u00bb color=\u00bbblack\u00bb size=\u00bblg\u00bb css_animation=\u00bbfadeIn\u00bb link=\u00bburl:http%3A%2F%2Fwww.motokool.ee%2Fes%2Fkoolitused%2Ftrack-training-day%2F|title:Track\u00bb][\/vc_column_inner][\/vc_row_inner][vc_row_inner equal_height=\u00bbyes\u00bb full_width=\u00bbstretch_row\u00bb full_height=\u00bb\u00bb columns_placement=\u00bbmiddle\u00bb video_bg=\u00bb\u00bb video_bg_url=\u00bbhttps:\/\/www.youtube.com\/watch?v=lMJXxhRFO1k\u00bb video_bg_parallax=\u00bb\u00bb parallax=\u00bb\u00bb parallax_image=\u00bb\u00bb parallax_speed_video=\u00bb1.5&#8243; parallax_speed_bg=\u00bb1.5&#8243; css_animation=\u00bb\u00bb bg_type=\u00bb\u00bb parallax_style=\u00bb\u00bb bg_image_new=\u00bb\u00bb layer_image=\u00bb\u00bb bg_image_repeat=\u00bb\u00bb bg_image_size=\u00bb\u00bb bg_cstm_size=\u00bb\u00bb bg_img_attach=\u00bb\u00bb parallax_sense=\u00bb\u00bb bg_image_posiiton=\u00bb\u00bb animation_direction=\u00bb\u00bb animation_repeat=\u00bb\u00bb video_url=\u00bb\u00bb video_url_2=\u00bb\u00bb u_video_url=\u00bb\u00bb video_opts=\u00bb\u00bb video_poster=\u00bb\u00bb u_start_time=\u00bb\u00bb u_stop_time=\u00bb\u00bb viewport_vdo=\u00bb\u00bb enable_controls=\u00bb\u00bb bg_override=\u00bb\u00bb disable_on_mobile_img_parallax=\u00bb\u00bb parallax_content=\u00bb\u00bb parallax_content_sense=\u00bb\u00bb fadeout_row=\u00bb\u00bb fadeout_start_effect=\u00bb\u00bb enable_overlay=\u00bb\u00bb overlay_color=\u00bb\u00bb overlay_pattern=\u00bb\u00bb overlay_pattern_opacity=\u00bb\u00bb overlay_pattern_size=\u00bb\u00bb overlay_pattern_attachment=\u00bb\u00bb multi_color_overlay=\u00bb\u00bb multi_color_overlay_opacity=\u00bb\u00bb seperator_enable=\u00bb\u00bb seperator_type=\u00bb\u00bb seperator_position=\u00bb\u00bb seperator_shape_size=\u00bb\u00bb seperator_svg_height=\u00bb\u00bb seperator_shape_background=\u00bb\u00bb seperator_shape_border=\u00bb\u00bb seperator_shape_border_color=\u00bb\u00bb seperator_shape_border_width=\u00bb\u00bb icon_type=\u00bb\u00bb icon=\u00bb\u00bb icon_size=\u00bb\u00bb icon_color=\u00bb\u00bb icon_style=\u00bb\u00bb icon_color_bg=\u00bb\u00bb icon_border_style=\u00bb\u00bb icon_color_border=\u00bb\u00bb icon_border_size=\u00bb\u00bb icon_border_radius=\u00bb\u00bb icon_border_spacing=\u00bb\u00bb icon_img=\u00bb\u00bb img_width=\u00bb\u00bb ult_hide_row=\u00bb\u00bb ult_hide_row_large_screen=\u00bb\u00bb ult_hide_row_desktop=\u00bb\u00bb ult_hide_row_tablet=\u00bb\u00bb ult_hide_row_tablet_small=\u00bb\u00bb ult_hide_row_mobile=\u00bb\u00bb ult_hide_row_mobile_large=\u00bb\u00bb el_class=\u00bbhome-page__about-us-row\u00bb css=\u00bb.vc_custom_1614673624402{padding-top: 40px !important;}\u00bb][vc_column_inner width=\u00bb1\/2&#8243; video_bg=\u00bb\u00bb video_bg_url=\u00bbhttps:\/\/www.youtube.com\/watch?v=lMJXxhRFO1k\u00bb video_bg_parallax=\u00bb\u00bb parallax=\u00bb\u00bb parallax_image=\u00bb\u00bb parallax_speed_video=\u00bb1.5&#8243; parallax_speed_bg=\u00bb1.5&#8243; css_animation=\u00bb\u00bb][vc_empty_space height=\u00bb20px\u00bb][vc_column_text]<\/p>\n<h3 style=\"text-align: center;\">ENDURO TRAINING DAY LEVEL1<\/h3>\n<p>[\/vc_column_text][vc_single_image image=\u00bb14467&#8243; img_size=\u00bbfull\u00bb][vc_column_text]Recomendado para aquellos que nunca antes han conducido por caminos de guijarros y para aquellos que tienen ya alguna experiencia.<\/p>\n<p><strong>Precio: 150 \u20ac &#8211; 300 \u20ac<\/strong>[\/vc_column_text][vc_btn title=\u00bbLEE M\u00c1S\u00bb style=\u00bbclassic\u00bb shape=\u00bbsquare\u00bb color=\u00bbblack\u00bb size=\u00bblg\u00bb css_animation=\u00bbfadeIn\u00bb link=\u00bburl:http%3A%2F%2Fwww.motokool.ee%2Fes%2Fkoolitused%2Fenduro%2F|title:Enduro\u00bb][\/vc_column_inner][vc_column_inner width=\u00bb1\/2&#8243;][vc_empty_space height=\u00bb20px\u00bb][vc_column_text]<\/p>\n<h3 style=\"text-align: center;\">ENDURO TRAINING DAY LEVEL2<\/h3>\n<p>[\/vc_column_text][vc_single_image image=\u00bb14527&#8243; img_size=\u00bbfull\u00bb][vc_column_text]NIVEL 2 \u2013 curso para aquellos avanzados, sirve a aquellos que hayan superado el NIVEL 1 o para aquellos que ya han conducido lo suficiente y quiere afianzar sus conocimientos.<\/p>\n<p><strong>Precio: 150 \u20ac &#8211; 300 \u20ac<\/strong>[\/vc_column_text][vc_btn title=\u00bbLEE M\u00c1S\u00bb style=\u00bbclassic\u00bb shape=\u00bbsquare\u00bb color=\u00bbblack\u00bb size=\u00bblg\u00bb css_animation=\u00bbfadeIn\u00bb link=\u00bburl:http%3A%2F%2Fwww.motokool.ee%2Fes%2Fkoolitused%2Fenduro%2F|title:Enduro\u00bb][\/vc_column_inner][\/vc_row_inner][vc_row_inner equal_height=\u00bbyes\u00bb full_width=\u00bbstretch_row\u00bb full_height=\u00bb\u00bb columns_placement=\u00bbmiddle\u00bb video_bg=\u00bb\u00bb video_bg_url=\u00bbhttps:\/\/www.youtube.com\/watch?v=lMJXxhRFO1k\u00bb video_bg_parallax=\u00bb\u00bb parallax=\u00bb\u00bb parallax_image=\u00bb\u00bb parallax_speed_video=\u00bb1.5&#8243; parallax_speed_bg=\u00bb1.5&#8243; css_animation=\u00bb\u00bb bg_type=\u00bb\u00bb parallax_style=\u00bb\u00bb bg_image_new=\u00bb\u00bb layer_image=\u00bb\u00bb bg_image_repeat=\u00bb\u00bb bg_image_size=\u00bb\u00bb bg_cstm_size=\u00bb\u00bb bg_img_attach=\u00bb\u00bb parallax_sense=\u00bb\u00bb bg_image_posiiton=\u00bb\u00bb animation_direction=\u00bb\u00bb animation_repeat=\u00bb\u00bb video_url=\u00bb\u00bb video_url_2=\u00bb\u00bb u_video_url=\u00bb\u00bb video_opts=\u00bb\u00bb video_poster=\u00bb\u00bb u_start_time=\u00bb\u00bb u_stop_time=\u00bb\u00bb viewport_vdo=\u00bb\u00bb enable_controls=\u00bb\u00bb bg_override=\u00bb\u00bb disable_on_mobile_img_parallax=\u00bb\u00bb parallax_content=\u00bb\u00bb parallax_content_sense=\u00bb\u00bb fadeout_row=\u00bb\u00bb fadeout_start_effect=\u00bb\u00bb enable_overlay=\u00bb\u00bb overlay_color=\u00bb\u00bb overlay_pattern=\u00bb\u00bb overlay_pattern_opacity=\u00bb\u00bb overlay_pattern_size=\u00bb\u00bb overlay_pattern_attachment=\u00bb\u00bb multi_color_overlay=\u00bb\u00bb multi_color_overlay_opacity=\u00bb\u00bb seperator_enable=\u00bb\u00bb seperator_type=\u00bb\u00bb seperator_position=\u00bb\u00bb seperator_shape_size=\u00bb\u00bb seperator_svg_height=\u00bb\u00bb seperator_shape_background=\u00bb\u00bb seperator_shape_border=\u00bb\u00bb seperator_shape_border_color=\u00bb\u00bb seperator_shape_border_width=\u00bb\u00bb icon_type=\u00bb\u00bb icon=\u00bb\u00bb icon_size=\u00bb\u00bb icon_color=\u00bb\u00bb icon_style=\u00bb\u00bb icon_color_bg=\u00bb\u00bb icon_border_style=\u00bb\u00bb icon_color_border=\u00bb\u00bb icon_border_size=\u00bb\u00bb icon_border_radius=\u00bb\u00bb icon_border_spacing=\u00bb\u00bb icon_img=\u00bb\u00bb img_width=\u00bb\u00bb ult_hide_row=\u00bb\u00bb ult_hide_row_large_screen=\u00bb\u00bb ult_hide_row_desktop=\u00bb\u00bb ult_hide_row_tablet=\u00bb\u00bb ult_hide_row_tablet_small=\u00bb\u00bb ult_hide_row_mobile=\u00bb\u00bb ult_hide_row_mobile_large=\u00bb\u00bb el_class=\u00bbhome-page__about-us-row\u00bb css=\u00bb.vc_custom_1614673624402{padding-top: 40px !important;}\u00bb][vc_column_inner width=\u00bb1\/2&#8243; video_bg=\u00bb\u00bb video_bg_url=\u00bbhttps:\/\/www.youtube.com\/watch?v=lMJXxhRFO1k\u00bb video_bg_parallax=\u00bb\u00bb parallax=\u00bb\u00bb parallax_image=\u00bb\u00bb parallax_speed_video=\u00bb1.5&#8243; parallax_speed_bg=\u00bb1.5&#8243; css_animation=\u00bb\u00bb][vc_empty_space height=\u00bb20px\u00bb][vc_column_text]<\/p>\n<h3 style=\"text-align: center;\">ENDURO TRAINING DAY LEVEL3<\/h3>\n<p>[\/vc_column_text][vc_single_image image=\u00bb14539&#8243; img_size=\u00bbfull\u00bb][vc_column_text]NIVEL 3 \u2013 curso para avanzados, vale para quellos que ya han superado los niveles anteriores de NIVEL 1 y NIVEL 2, o para aquellos que ya han conducido suficiente por senderos de gravilla y quieren afianzar sus conocimientos.<\/p>\n<p><strong>Precio: 150 \u20ac &#8211; 300 \u20ac<\/strong>[\/vc_column_text][vc_btn title=\u00bbLEE M\u00c1S\u00bb style=\u00bbclassic\u00bb shape=\u00bbsquare\u00bb color=\u00bbblack\u00bb size=\u00bblg\u00bb css_animation=\u00bbfadeIn\u00bb link=\u00bburl:http%3A%2F%2Fwww.motokool.ee%2Fes%2Fkoolitused%2Fenduro%2F|title:Enduro\u00bb][\/vc_column_inner][vc_column_inner width=\u00bb1\/2&#8243;][vc_empty_space height=\u00bb20px\u00bb][vc_column_text]<\/p>\n<h3 style=\"text-align: center;\">LIGHT ENDURO TRAINING DAY<\/h3>\n<p>[\/vc_column_text][vc_single_image image=\u00bb15052&#8243; img_size=\u00bbfull\u00bb][vc_column_text]NIVEL 1: nivel b\u00e1sico donde aprenderemos t\u00e9cnicas b\u00e1sicas de enduro. Pr\u00e1ctica de elementos b\u00e1sicos: control del acelerador y embrague.<\/p>\n<p><strong>Precio: 150 \u20ac &#8211; 300 \u20ac<\/strong>[\/vc_column_text][vc_btn title=\u00bbLEE M\u00c1S\u00bb style=\u00bbclassic\u00bb shape=\u00bbsquare\u00bb color=\u00bbblack\u00bb size=\u00bblg\u00bb css_animation=\u00bbfadeIn\u00bb link=\u00bburl:http%3A%2F%2Fwww.motokool.ee%2Fes%2Fkoolitused%2Fkerge-enduro-training-day%2F|title:Light%20Enduro\u00bb][\/vc_column_inner][\/vc_row_inner][vc_row_inner equal_height=\u00bbyes\u00bb full_width=\u00bbstretch_row\u00bb full_height=\u00bb\u00bb columns_placement=\u00bbmiddle\u00bb video_bg=\u00bb\u00bb video_bg_url=\u00bbhttps:\/\/www.youtube.com\/watch?v=lMJXxhRFO1k\u00bb video_bg_parallax=\u00bb\u00bb parallax=\u00bb\u00bb parallax_image=\u00bb\u00bb parallax_speed_video=\u00bb1.5&#8243; parallax_speed_bg=\u00bb1.5&#8243; css_animation=\u00bb\u00bb bg_type=\u00bb\u00bb parallax_style=\u00bb\u00bb bg_image_new=\u00bb\u00bb layer_image=\u00bb\u00bb bg_image_repeat=\u00bb\u00bb bg_image_size=\u00bb\u00bb bg_cstm_size=\u00bb\u00bb bg_img_attach=\u00bb\u00bb parallax_sense=\u00bb\u00bb bg_image_posiiton=\u00bb\u00bb animation_direction=\u00bb\u00bb animation_repeat=\u00bb\u00bb video_url=\u00bb\u00bb video_url_2=\u00bb\u00bb u_video_url=\u00bb\u00bb video_opts=\u00bb\u00bb video_poster=\u00bb\u00bb u_start_time=\u00bb\u00bb u_stop_time=\u00bb\u00bb viewport_vdo=\u00bb\u00bb enable_controls=\u00bb\u00bb bg_override=\u00bb\u00bb disable_on_mobile_img_parallax=\u00bb\u00bb parallax_content=\u00bb\u00bb parallax_content_sense=\u00bb\u00bb fadeout_row=\u00bb\u00bb fadeout_start_effect=\u00bb\u00bb enable_overlay=\u00bb\u00bb overlay_color=\u00bb\u00bb overlay_pattern=\u00bb\u00bb overlay_pattern_opacity=\u00bb\u00bb overlay_pattern_size=\u00bb\u00bb overlay_pattern_attachment=\u00bb\u00bb multi_color_overlay=\u00bb\u00bb multi_color_overlay_opacity=\u00bb\u00bb seperator_enable=\u00bb\u00bb seperator_type=\u00bb\u00bb seperator_position=\u00bb\u00bb seperator_shape_size=\u00bb\u00bb seperator_svg_height=\u00bb\u00bb seperator_shape_background=\u00bb\u00bb seperator_shape_border=\u00bb\u00bb seperator_shape_border_color=\u00bb\u00bb seperator_shape_border_width=\u00bb\u00bb icon_type=\u00bb\u00bb icon=\u00bb\u00bb icon_size=\u00bb\u00bb icon_color=\u00bb\u00bb icon_style=\u00bb\u00bb icon_color_bg=\u00bb\u00bb icon_border_style=\u00bb\u00bb icon_color_border=\u00bb\u00bb icon_border_size=\u00bb\u00bb icon_border_radius=\u00bb\u00bb icon_border_spacing=\u00bb\u00bb icon_img=\u00bb\u00bb img_width=\u00bb\u00bb ult_hide_row=\u00bb\u00bb ult_hide_row_large_screen=\u00bb\u00bb ult_hide_row_desktop=\u00bb\u00bb ult_hide_row_tablet=\u00bb\u00bb ult_hide_row_tablet_small=\u00bb\u00bb ult_hide_row_mobile=\u00bb\u00bb ult_hide_row_mobile_large=\u00bb\u00bb el_class=\u00bbhome-page__about-us-row\u00bb css=\u00bb.vc_custom_1614673624402{padding-top: 40px !important;}\u00bb][vc_column_inner width=\u00bb1\/2&#8243; video_bg=\u00bb\u00bb video_bg_url=\u00bbhttps:\/\/www.youtube.com\/watch?v=lMJXxhRFO1k\u00bb video_bg_parallax=\u00bb\u00bb parallax=\u00bb\u00bb parallax_image=\u00bb\u00bb parallax_speed_video=\u00bb1.5&#8243; parallax_speed_bg=\u00bb1.5&#8243; css_animation=\u00bb\u00bb][vc_empty_space height=\u00bb20px\u00bb][vc_column_text]<\/p>\n<h3 style=\"text-align: center;\">TRIAL TRAINING DAY<\/h3>\n<p>[\/vc_column_text][vc_single_image image=\u00bb14459&#8243; img_size=\u00bbfull\u00bb][vc_column_text]Este curso es adecuado para absolutamente todos los que ya tienen una licencia de conducir y durante mucho tiempo han querido aprender algo nuevo.<\/p>\n<p><strong>Precio: 200 \u20ac<\/strong>[\/vc_column_text][vc_btn title=\u00bbLEE M\u00c1S\u00bb style=\u00bbclassic\u00bb shape=\u00bbsquare\u00bb color=\u00bbblack\u00bb size=\u00bblg\u00bb css_animation=\u00bbfadeIn\u00bb link=\u00bburl:http%3A%2F%2Fwww.motokool.ee%2Fes%2Fkoolitused%2Ftrial%2F|title:Trial\u00bb][\/vc_column_inner][vc_column_inner width=\u00bb1\/2&#8243;][vc_empty_space height=\u00bb120px\u00bb][\/vc_column_inner][\/vc_row_inner][\/vc_column][\/vc_row][vc_row][vc_column][vc_empty_space height=\u00bb40px\u00bb][\/vc_column][\/vc_row]<\/p>\n","protected":false},"excerpt":{"rendered":"<p>[vc_row el_class=\u00bbhome-page__services\u00bb][vc_column][vc_row_inner equal_height=\u00bbyes\u00bb full_width=\u00bbstretch_row\u00bb full_height=\u00bb\u00bb columns_placement=\u00bbmiddle\u00bb video_bg=\u00bb\u00bb video_bg_url=\u00bbhttps:\/\/www.youtube.com\/watch?v=lMJXxhRFO1k\u00bb video_bg_parallax=\u00bb\u00bb parallax=\u00bb\u00bb parallax_image=\u00bb\u00bb parallax_speed_video=\u00bb1.5&#8243; parallax_speed_bg=\u00bb1.5&#8243; css_animation=\u00bb\u00bb bg_type=\u00bb\u00bb parallax_style=\u00bb\u00bb bg_image_new=\u00bb\u00bb layer_image=\u00bb\u00bb bg_image_repeat=\u00bb\u00bb bg_image_size=\u00bb\u00bb bg_cstm_size=\u00bb\u00bb bg_img_attach=\u00bb\u00bb parallax_sense=\u00bb\u00bb bg_image_posiiton=\u00bb\u00bb animation_direction=\u00bb\u00bb animation_repeat=\u00bb\u00bb video_url=\u00bb\u00bb video_url_2=\u00bb\u00bb u_video_url=\u00bb\u00bb video_opts=\u00bb\u00bb video_poster=\u00bb\u00bb u_start_time=\u00bb\u00bb u_stop_time=\u00bb\u00bb viewport_vdo=\u00bb\u00bb enable_controls=\u00bb\u00bb bg_override=\u00bb\u00bb disable_on_mobile_img_parallax=\u00bb\u00bb parallax_content=\u00bb\u00bb parallax_content_sense=\u00bb\u00bb fadeout_row=\u00bb\u00bb fadeout_start_effect=\u00bb\u00bb enable_overlay=\u00bb\u00bb overlay_color=\u00bb\u00bb overlay_pattern=\u00bb\u00bb overlay_pattern_opacity=\u00bb\u00bb overlay_pattern_size=\u00bb\u00bb overlay_pattern_attachment=\u00bb\u00bb multi_color_overlay=\u00bb\u00bb multi_color_overlay_opacity=\u00bb\u00bb seperator_enable=\u00bb\u00bb seperator_type=\u00bb\u00bb seperator_position=\u00bb\u00bb seperator_shape_size=\u00bb\u00bb seperator_svg_height=\u00bb\u00bb seperator_shape_background=\u00bb\u00bb &#8230; <a title=\"CURSOS\" class=\"read-more\" href=\"https:\/\/www.motokool.ee\/es\/koolitused\/\" aria-label=\"More on CURSOS\">Read more<\/a><\/p>\n","protected":false},"author":1,"featured_media":0,"parent":0,"menu_order":0,"comment_status":"closed","ping_status":"closed","template":"","meta":{"_mi_skip_tracking":false,"_monsterinsights_sitenote_active":false,"_monsterinsights_sitenote_note":"","_monsterinsights_sitenote_category":0,"footnotes":""},"class_list":["post-13178","page","type-page","status-publish"],"aioseo_notices":[],"_links":{"self":[{"href":"https:\/\/www.motokool.ee\/es\/wp-json\/wp\/v2\/pages\/13178","targetHints":{"allow":["GET"]}}],"collection":[{"href":"https:\/\/www.motokool.ee\/es\/wp-json\/wp\/v2\/pages"}],"about":[{"href":"https:\/\/www.motokool.ee\/es\/wp-json\/wp\/v2\/types\/page"}],"author":[{"embeddable":true,"href":"https:\/\/www.motokool.ee\/es\/wp-json\/wp\/v2\/users\/1"}],"replies":[{"embeddable":true,"href":"https:\/\/www.motokool.ee\/es\/wp-json\/wp\/v2\/comments?post=13178"}],"version-history":[{"count":159,"href":"https:\/\/www.motokool.ee\/es\/wp-json\/wp\/v2\/pages\/13178\/revisions"}],"predecessor-version":[{"id":15466,"href":"https:\/\/www.motokool.ee\/es\/wp-json\/wp\/v2\/pages\/13178\/revisions\/15466"}],"wp:attachment":[{"href":"https:\/\/www.motokool.ee\/es\/wp-json\/wp\/v2\/media?parent=13178"}],"curies":[{"name":"wp","href":"https:\/\/api.w.org\/{rel}","templated":true}]}}