{"id":13175,"date":"2021-01-13T08:27:35","date_gmt":"2021-01-13T06:27:35","guid":{"rendered":"https:\/\/www.motokool.ee\/kinkekaart\/"},"modified":"2021-03-07T13:56:13","modified_gmt":"2021-03-07T11:56:13","slug":"kinkekaart","status":"publish","type":"page","link":"https:\/\/www.motokool.ee\/es\/kinkekaart\/","title":{"rendered":"TARJETA REGALO"},"content":{"rendered":"<p>[vc_row full_width=\u00bbstretch_row_content_no_spaces\u00bb gap=\u00bb30&#8243; equal_height=\u00bbyes\u00bb][vc_column css_animation=\u00bbbounceInLeft\u00bb width=\u00bb5\/12&#8243; el_class=\u00bbnopadding\u00bb][vc_single_image image=\u00bb15192&#8243; img_size=\u00bbfull\u00bb alignment=\u00bbcenter\u00bb][\/vc_column][vc_column width=\u00bb5\/12&#8243; css=\u00bb.vc_custom_1611656133928{padding-left: 30px !important;}\u00bb][vc_column_text]<\/p>\n<div class=\"elementor-element elementor-element-ed88145 elementor-widget elementor-widget-heading\" data-id=\"ed88145\" data-element_type=\"widget\" data-widget_type=\"heading.default\">\n<div class=\"elementor-widget-container\">\n<p class=\"elementor-heading-title elementor-size-default\" style=\"text-align: left;\"><strong>Esta es una oportunidad para ayudar a esa persona que tanto quieres a conseguir su sue\u00f1o. Regalar una tarjeta regalo para aprender en una escuela de ciclomotor es un detalle \u00fanico e inolvidabe.<\/strong><\/p>\n<\/div>\n<\/div>\n<div class=\"elementor-element elementor-element-ecd214b elementor-widget elementor-widget-image\" style=\"text-align: center;\" data-id=\"ecd214b\" data-element_type=\"widget\" data-widget_type=\"image.default\">\n<h4 class=\"elementor-widget-container\" style=\"text-align: center;\"><\/h4>\n<\/div>\n<p>[\/vc_column_text][vc_column_text]<\/p>\n<div class=\"elementor-element elementor-element-ed88145 elementor-widget elementor-widget-heading\" data-id=\"ed88145\" data-element_type=\"widget\" data-widget_type=\"heading.default\">\n<div class=\"elementor-widget-container\">\n<p>Una tarjeta regalo es perfecta como detalle de cumplea\u00f1os, de boda, Navidad o A\u00f1o nuevo. Puede ser tambi\u00e9n un regalo sorpresa o inesperado. Tmbi\u00e9n puede ser un regalo perfecto para ese buen empleado de tu compa\u00f1\u00eda.<\/p>\n<p>Ofrecemos una tarjeta regalo con todos los cursos: categor\u00eda A, Urban, Track, Enduro, light Enduro, Trial o tambi\u00e9n puedes escoger el que m\u00e1s se adapta a t\u00ed. Tambi\u00e9n tienes la opci\u00f3n comprar muchas tarjetas a la vez.<\/p>\n<\/div>\n<\/div>\n<p>[\/vc_column_text][\/vc_column][vc_column width=\u00bb2\/12&#8243;][\/vc_column][\/vc_row][vc_row full_width=\u00bbstretch_row_content_no_spaces\u00bb gap=\u00bb30&#8243; equal_height=\u00bbyes\u00bb][vc_column css_animation=\u00bbbounceInLeft\u00bb width=\u00bb5\/12&#8243; el_class=\u00bbnopadding\u00bb][\/vc_column][vc_column width=\u00bb5\/12&#8243; css=\u00bb.vc_custom_1612519979243{padding-left: 30px !important;background-color: #ecf3fb !important;}\u00bb][vc_column_text]<\/p>\n<div class=\"elementor-element elementor-element-ecd214b elementor-widget elementor-widget-image\" style=\"text-align: center;\" data-id=\"ecd214b\" data-element_type=\"widget\" data-widget_type=\"image.default\">\n<p style=\"text-align: left;\"><strong>Condiciones<\/strong>:<\/p>\n<p style=\"text-align: left;\">La tarjeta regalo es valida durante todo 1 a\u00f1o hasta la fecha de su caducidad.<\/p>\n<p style=\"text-align: left;\">La tarjeta regalo no puede ser devuelta o cambiada por dinero.<\/p>\n<p style=\"text-align: left;\">Puedes encargar tu tarjeta regalo llamando <strong>al tel\u00e9fono +37253427294 o enviando un e-mail a info@motokool.ee<\/strong><\/p>\n<\/div>\n<p>[\/vc_column_text][\/vc_column][vc_column width=\u00bb2\/12&#8243;][\/vc_column][\/vc_row]<\/p>\n","protected":false},"excerpt":{"rendered":"<p>[vc_row full_width=\u00bbstretch_row_content_no_spaces\u00bb gap=\u00bb30&#8243; equal_height=\u00bbyes\u00bb][vc_column css_animation=\u00bbbounceInLeft\u00bb width=\u00bb5\/12&#8243; el_class=\u00bbnopadding\u00bb][vc_single_image image=\u00bb15192&#8243; img_size=\u00bbfull\u00bb alignment=\u00bbcenter\u00bb][\/vc_column][vc_column width=\u00bb5\/12&#8243; css=\u00bb.vc_custom_1611656133928{padding-left: 30px !important;}\u00bb][vc_column_text] Esta es una oportunidad para ayudar a esa persona que tanto quieres a conseguir su sue\u00f1o. Regalar una tarjeta regalo para aprender en una escuela de ciclomotor es un detalle \u00fanico e inolvidabe. [\/vc_column_text][vc_column_text] Una tarjeta regalo es perfecta como detalle &#8230; <a title=\"TARJETA REGALO\" class=\"read-more\" href=\"https:\/\/www.motokool.ee\/es\/kinkekaart\/\" aria-label=\"More on TARJETA REGALO\">Read more<\/a><\/p>\n","protected":false},"author":1,"featured_media":0,"parent":0,"menu_order":0,"comment_status":"closed","ping_status":"closed","template":"","meta":{"_mi_skip_tracking":false,"_monsterinsights_sitenote_active":false,"_monsterinsights_sitenote_note":"","_monsterinsights_sitenote_category":0,"footnotes":""},"class_list":["post-13175","page","type-page","status-publish"],"aioseo_notices":[],"_links":{"self":[{"href":"https:\/\/www.motokool.ee\/es\/wp-json\/wp\/v2\/pages\/13175","targetHints":{"allow":["GET"]}}],"collection":[{"href":"https:\/\/www.motokool.ee\/es\/wp-json\/wp\/v2\/pages"}],"about":[{"href":"https:\/\/www.motokool.ee\/es\/wp-json\/wp\/v2\/types\/page"}],"author":[{"embeddable":true,"href":"https:\/\/www.motokool.ee\/es\/wp-json\/wp\/v2\/users\/1"}],"replies":[{"embeddable":true,"href":"https:\/\/www.motokool.ee\/es\/wp-json\/wp\/v2\/comments?post=13175"}],"version-history":[{"count":7,"href":"https:\/\/www.motokool.ee\/es\/wp-json\/wp\/v2\/pages\/13175\/revisions"}],"predecessor-version":[{"id":15291,"href":"https:\/\/www.motokool.ee\/es\/wp-json\/wp\/v2\/pages\/13175\/revisions\/15291"}],"wp:attachment":[{"href":"https:\/\/www.motokool.ee\/es\/wp-json\/wp\/v2\/media?parent=13175"}],"curies":[{"name":"wp","href":"https:\/\/api.w.org\/{rel}","templated":true}]}}