{"id":13168,"date":"2021-01-13T08:27:38","date_gmt":"2021-01-13T06:27:38","guid":{"rendered":"https:\/\/www.motokool.ee\/tuurid\/"},"modified":"2021-09-02T08:50:13","modified_gmt":"2021-09-02T05:50:13","slug":"tuurid","status":"publish","type":"page","link":"https:\/\/www.motokool.ee\/es\/tuurid\/","title":{"rendered":"EXCURSIONES"},"content":{"rendered":"<p>[vc_row][vc_column][vc_column_text]Ofrecemos una oportunidad \u00fanica para viajar por las m\u00e1s interesantes de las autopistas, as\u00ed como una experiencia \u00fanica en la bella tierra de Espa\u00f1a donde disfrutar\u00e1s de sus monta\u00f1as y de sus mejores vistas. Andaluc\u00eda es una de las partes de Espa\u00f1a cuya naturaleza m\u00e1s deslumbra, con m\u00e1s de 320 d\u00edas de sol al a\u00f1o, lo que convierte este sitio en un antiguo para\u00edso para cualquier motociclista. Andaluc\u00eda es famosa por sus incre\u00edbles bailes flamencos, sus campos interminables llenos de olivos, los toros y por supuesto, el vino. Visitaremos los lugares m\u00e1s famosos de esta regi\u00f3n, as\u00ed como Ronda, C\u00f3rdoba, Sevilla, Granada y M\u00e1laga. Este viaje quedar\u00e1 en tu coraz\u00f3n y en tu memoria para el resto de tu vida.[\/vc_column_text][\/vc_column][\/vc_row][vc_row][vc_column][vc_video link=\u00bbhttps:\/\/youtu.be\/t2MX4fQvLKU\u00bb][\/vc_column][\/vc_row][vc_row gap=\u00bb30&#8243; equal_height=\u00bbyes\u00bb][vc_column css_animation=\u00bbbounceInLeft\u00bb el_class=\u00bbnopadding\u00bb][vc_column_text]<\/p>\n<h3>Tour de 5 d\u00edas por Andaluc\u00eda<\/h3>\n<p>Este viaje es para aquellos a los que les gustar\u00eda conocer mejor la otra cara de Espa\u00f1a y quieren obtener una experiencia inolvidable. En cinco d\u00edas viajaremos por 1500 kil\u00f3metros y visitaremos ciudades como M\u00e1laga, Granada, C\u00f3rdoba, Carmona, Sevilla, Ronda y tambi\u00e9n viajar por las incre\u00edbles monta\u00f1as del sur de Sierra Nevada, El Torcal de Antequera, Sierra de las Nieves, Pueblos Blancos y muchas otras cosas.<\/p>\n<p>D\u00eda 1. Llegada a M\u00e1laga<br \/>\nD\u00eda 2. M\u00e1laga &#8211; Granada<br \/>\nD\u00eda 3. Granada &#8211; C\u00f3rdoba<br \/>\nD\u00eda 4. C\u00f3rdoba &#8211; Carmona<br \/>\nD\u00eda 5. Carmona &#8211; Ronda<br \/>\nD\u00eda 6. Ronda &#8211; M\u00e1laga<br \/>\nD\u00eda 7. Explorar M\u00e1laga a pie.<\/p>\n<p>Coste del viaje:<\/p>\n<ul>\n<li><strong>Precio de 1500 euros (con viajero 1800)<\/strong><\/li>\n<li>Total de distancia al d\u00eda: desde 250 a 350 km.<\/li>\n<li>N\u00famero de personas en el grupo: de 6 a 8<\/li>\n<\/ul>\n<p>El precio incluye el transfer desde el aeropuerto al hotel, el alquiler de la moto por 5 d\u00edas, alojamiento en un hotel durante 6 d\u00edas (incluyendo desayuno) y el pago de un gu\u00eda para el tour.<br \/>\nEl precio no incluye: gasolina, comida, almuerzo y cena, billetes de avi\u00f3n.<\/p>\n<p>Todos los precios incluyen impuestos, alquiler de cascos y seguro de viajes.[\/vc_column_text][vc_media_grid gap=\u00bb35&#8243; initial_loading_animation=\u00bbbounceIn\u00bb grid_id=\u00bbvc_gid:1630561798858-1c4b4bdd-7c15-8&#8243; include=\u00bb14615,14619,14623,14627,14631,14635&#8243;][\/vc_column][\/vc_row][vc_row gap=\u00bb30&#8243; equal_height=\u00bbyes\u00bb][vc_column css_animation=\u00bbbounceInLeft\u00bb el_class=\u00bbnopadding\u00bb][vc_column_text]<\/p>\n<h3>Dos d\u00edas de tour en M\u00e1laga<\/h3>\n<p>Tour de un fin de semana. Ideal para aquellos que tienen un poco de tiempo libre y al mismo tiempo tienen ganas de disfrutar de ese tiempo libre activamente conduciendo su motocicleta y descansar del ajetreo diario del trabajo.<br \/>\nEste viaje se puede planear f\u00e1cilmente con toda tu familia porque despu\u00e9s de cada d\u00eda de viaje volvemos siempre al mismo hotel donde empezamos la jornada.<br \/>\nEn dos d\u00edas viajaremos m\u00e1s de 700 kil\u00f3metros y visitaremos muchos sitios \u00fanicos de los alrededores de M\u00e1laga.<\/p>\n<p>Coste del viaje:<\/p>\n<ul>\n<li><strong>Precio: 500-700 euros (con un pasajero 600-800 euros)<\/strong><\/li>\n<li>Total de la distancia cada d\u00eda: desde 250 a 350 kil\u00f3metros.<\/li>\n<li>N\u00famero de personas en cada grupo: de 6 a 10.<\/li>\n<\/ul>\n<p>El precio incluye: transfer desde el aeropuerto al hotel, alquiler de la moto por 2 d\u00edas, alojamiento en un hotel por 3 d\u00edas (incluyendo desayuno), pago de un gu\u00eda para el tour.<br \/>\nEl precio no incluye: gasolina y comida (almuerzos y cenar).<\/p>\n<p>Todos los precios incluyen pago de impuestos, alquiler de casco y seguro de viajes.[\/vc_column_text][vc_media_grid gap=\u00bb35&#8243; initial_loading_animation=\u00bbbounceIn\u00bb grid_id=\u00bbvc_gid:1630561798865-76c2567a-0357-8&#8243; include=\u00bb14643,14647,14651,14655,14659,14663&#8243;][\/vc_column][\/vc_row][vc_row][vc_column width=\u00bb1\/4&#8243;][\/vc_column][vc_column width=\u00bb1\/2&#8243;][vc_column_text]<\/p>\n<h3 style=\"text-align: center;\">Registreeri<\/h3>\n<p style=\"text-align: center;\">\n<div class=\"wpcf7 no-js\" id=\"wpcf7-f13084-o1\" lang=\"ru-RU\" dir=\"ltr\">\n<div class=\"screen-reader-response\"><p role=\"status\" aria-live=\"polite\" aria-atomic=\"true\"><\/p> <ul><\/ul><\/div>\n<form action=\"\/es\/wp-json\/wp\/v2\/pages\/13168#wpcf7-f13084-o1\" method=\"post\" class=\"wpcf7-form init\" aria-label=\"\u041a\u043e\u043d\u0442\u0430\u043a\u0442\u043d\u0430\u044f \u0444\u043e\u0440\u043c\u0430\" novalidate=\"novalidate\" data-status=\"init\">\n<div style=\"display: none;\">\n<input type=\"hidden\" name=\"_wpcf7\" value=\"13084\" \/>\n<input type=\"hidden\" name=\"_wpcf7_version\" value=\"5.8.4\" \/>\n<input type=\"hidden\" name=\"_wpcf7_locale\" value=\"ru_RU\" \/>\n<input type=\"hidden\" name=\"_wpcf7_unit_tag\" value=\"wpcf7-f13084-o1\" \/>\n<input type=\"hidden\" name=\"_wpcf7_container_post\" value=\"0\" \/>\n<input type=\"hidden\" name=\"_wpcf7_posted_data_hash\" value=\"\" \/>\n<input type=\"hidden\" name=\"redirect_nonce\" value=\"c12f471dc0\" \/>\n<input type=\"hidden\" name=\"wpcf7cfpdf_hidden_name\" value=\"document-pdf\" \/>\n<input type=\"hidden\" name=\"wpcf7cfpdf_hidden_reference\" value=\"69ff35e64b110\" \/>\n<input type=\"hidden\" name=\"wpcf7cfpdf_hidden_date\" value=\"05092026\" \/>\n<input type=\"hidden\" name=\"_wpcf7_recaptcha_response\" value=\"\" \/>\n<\/div>\n<div class=\"registration_form\">\n\t<p><label> Nimi, Perekonnanimi *<br \/>\n<span class=\"wpcf7-form-control-wrap\" data-name=\"your_name\"><input size=\"40\" class=\"wpcf7-form-control wpcf7-text wpcf7-validates-as-required\" aria-required=\"true\" aria-invalid=\"false\" value=\"\" type=\"text\" name=\"your_name\" \/><\/span> <\/label><br \/>\n<label> Telefoninumber *<br \/>\n<span class=\"wpcf7-form-control-wrap\" data-name=\"your_tel\"><input size=\"40\" class=\"wpcf7-form-control wpcf7-tel wpcf7-validates-as-required wpcf7-text wpcf7-validates-as-tel\" aria-required=\"true\" aria-invalid=\"false\" value=\"\" type=\"tel\" name=\"your_tel\" \/><\/span> <\/label><br \/>\n<label> E-mail *<br \/>\n<span class=\"wpcf7-form-control-wrap\" data-name=\"your_email\"><input size=\"40\" class=\"wpcf7-form-control wpcf7-email wpcf7-validates-as-required wpcf7-text wpcf7-validates-as-email\" aria-required=\"true\" aria-invalid=\"false\" value=\"\" type=\"email\" name=\"your_email\" \/><\/span> <\/label>\n\t<\/p>\n\t<p><label> S\u00f5idukogemus *<br \/>\n<span class=\"wpcf7-form-control-wrap\" data-name=\"driving_experience\"><select class=\"wpcf7-form-control wpcf7-select wpcf7-validates-as-required\" aria-required=\"true\" aria-invalid=\"false\" name=\"driving_experience\"><option value=\"\">&#8212;\u0412\u044b\u0431\u0435\u0440\u0438\u0442\u0435 \u0432\u0430\u0440\u0438\u0430\u043d\u0442&#8212;<\/option><option value=\"0-1 aasta\">0-1 aasta<\/option><option value=\"1-2 aastat\">1-2 aastat<\/option><option value=\"3-5 aastat\">3-5 aastat<\/option><option value=\"6-10 aastat\">6-10 aastat<\/option><option value=\"rohkem kui 10 aastat\">rohkem kui 10 aastat<\/option><\/select><\/span> <\/label>\n\t<\/p>\n\t<p><label> Juhiloa number *<br \/>\n<span class=\"wpcf7-form-control-wrap\" data-name=\"licence_number\"><input size=\"40\" class=\"wpcf7-form-control wpcf7-text wpcf7-validates-as-required\" aria-required=\"true\" aria-invalid=\"false\" value=\"\" type=\"text\" name=\"licence_number\" \/><\/span> <\/label>\n\t<\/p>\n\t<p><label> Soovin v\u00f5tta rendile<br \/>\n<span class=\"wpcf7-form-control-wrap\" data-name=\"rental_preferral\"><select class=\"wpcf7-form-control wpcf7-select\" aria-invalid=\"false\" name=\"rental_preferral\"><option value=\"\">&#8212;\u0412\u044b\u0431\u0435\u0440\u0438\u0442\u0435 \u0432\u0430\u0440\u0438\u0430\u043d\u0442&#8212;<\/option><option value=\"Yamaha MT-07 Tracer\">Yamaha MT-07 Tracer<\/option><option value=\"Honda NC750X\">Honda NC750X<\/option><option value=\"Honda Africa Twin 1000cc\">Honda Africa Twin 1000cc<\/option><option value=\"BMW R1200GS 110hp Triple Black\">BMW R1200GS 110hp Triple Black<\/option><option value=\"BMW R1200RT 110hp\">BMW R1200RT 110hp<\/option><\/select><\/span> <\/label>\n\t<\/p>\n\t<p><label id=\"brand_prefer\"> Soovin reisida teise tsikliga: mark ja mudel<br \/>\n<span class=\"wpcf7-form-control-wrap\" data-name=\"brand_prefer\"><input size=\"40\" class=\"wpcf7-form-control wpcf7-text\" aria-invalid=\"false\" value=\"\" type=\"text\" name=\"brand_prefer\" \/><\/span> <\/label>\n\t<\/p>\n\t<p><input class=\"wpcf7-form-control wpcf7-submit has-spinner registration_btn\" type=\"submit\" value=\"Registreeru\" \/>\n\t<\/p>\n<\/div>\n<p><script type=\"text\/javascript\">\n\tjQuery(function() {\n\t\tjQuery('input[name=\"rent_motorbike\"]').click(function(event) {\n\t\t\tif (jQuery(event.currentTarget).parent().parent().hasClass('last')) {\n\t\t\t\tjQuery('#brand_model').removeClass('hidden');\n\t\t\t} else {\n\t\t\t\tjQuery('#brand_model').addClass('hidden');\n\t\t\t}\n\t\t});\n\t\tjQuery('.wpcf7').on('wpcf7mailsent', function() {\n\t\t\tjQuery('#section-registration')[0].scrollIntoView({\n\t\t\t behavior: 'instant',\n\t\t\t block: 'center'\n\t\t\t});\n\t\t});\n\t\tjQuery('.wpcf7').on('wpcf7invalid wpcf7spam wpcf7mailfailed', function() {\n\t\t\tsetTimeout(function() {\n\t\t\t\tjQuery('.wpcf7-response-output')[0].scrollIntoView({\n\t\t\t\t behavior: 'smooth',\n\t\t\t\t block: 'center'\n\t\t\t\t});\n\t\t\t}, 50);\n\t\t});\n\t\tjQuery('#subject').change(onChangeCourse);\n\t\tfunction onChangeCourse() {\n\t\t\tvar msg = 'VABU KOHTI EI OLE',\n\t\t\t\tpattern = new RegExp(msg),\n\t\t\t\tcourseIsFull = jQuery('#subject').val().search(msg) >= 0;\n\t\t\tjQuery('.custom_contact_form input').\n\t\t\tadd('.custom_contact_form textarea').\n\t\t\tadd('.custom_contact_form select').\n\t\t\tnot(':first').\n\t\t\tprop('disabled', courseIsFull);\n\t\t\tif (courseIsFull) {\n\t\t\t\talert(msg.charAt(0).toUpperCase() + msg.slice(1).toLowerCase());\n\t\t\t}\n\t\t}\n\t});\n<\/script>\n<\/p><div class=\"wpcf7-response-output\" aria-hidden=\"true\"><\/div>\n<\/form>\n<\/div>\n<p>[\/vc_column_text][\/vc_column][vc_column width=\u00bb1\/4&#8243;][\/vc_column][\/vc_row][vc_row][vc_column][\/vc_column][\/vc_row]<\/p>\n","protected":false},"excerpt":{"rendered":"<p>[vc_row][vc_column][vc_column_text]Ofrecemos una oportunidad \u00fanica para viajar por las m\u00e1s interesantes de las autopistas, as\u00ed como una experiencia \u00fanica en la bella tierra de Espa\u00f1a donde disfrutar\u00e1s de sus monta\u00f1as y de sus mejores vistas. Andaluc\u00eda es una de las partes de Espa\u00f1a cuya naturaleza m\u00e1s deslumbra, con m\u00e1s de 320 d\u00edas de sol al a\u00f1o, &#8230; <a title=\"EXCURSIONES\" class=\"read-more\" href=\"https:\/\/www.motokool.ee\/es\/tuurid\/\" aria-label=\"More on EXCURSIONES\">Read more<\/a><\/p>\n","protected":false},"author":1,"featured_media":1063,"parent":0,"menu_order":0,"comment_status":"closed","ping_status":"closed","template":"","meta":{"_mi_skip_tracking":false,"_monsterinsights_sitenote_active":false,"_monsterinsights_sitenote_note":"","_monsterinsights_sitenote_category":0,"footnotes":""},"class_list":["post-13168","page","type-page","status-publish","has-post-thumbnail"],"aioseo_notices":[],"_links":{"self":[{"href":"https:\/\/www.motokool.ee\/es\/wp-json\/wp\/v2\/pages\/13168","targetHints":{"allow":["GET"]}}],"collection":[{"href":"https:\/\/www.motokool.ee\/es\/wp-json\/wp\/v2\/pages"}],"about":[{"href":"https:\/\/www.motokool.ee\/es\/wp-json\/wp\/v2\/types\/page"}],"author":[{"embeddable":true,"href":"https:\/\/www.motokool.ee\/es\/wp-json\/wp\/v2\/users\/1"}],"replies":[{"embeddable":true,"href":"https:\/\/www.motokool.ee\/es\/wp-json\/wp\/v2\/comments?post=13168"}],"version-history":[{"count":40,"href":"https:\/\/www.motokool.ee\/es\/wp-json\/wp\/v2\/pages\/13168\/revisions"}],"predecessor-version":[{"id":15309,"href":"https:\/\/www.motokool.ee\/es\/wp-json\/wp\/v2\/pages\/13168\/revisions\/15309"}],"wp:featuredmedia":[{"embeddable":true,"href":"https:\/\/www.motokool.ee\/es\/wp-json\/wp\/v2\/media\/1063"}],"wp:attachment":[{"href":"https:\/\/www.motokool.ee\/es\/wp-json\/wp\/v2\/media?parent=13168"}],"curies":[{"name":"wp","href":"https:\/\/api.w.org\/{rel}","templated":true}]}}