{"id":13137,"date":"2021-01-20T17:29:33","date_gmt":"2021-01-20T15:29:33","guid":{"rendered":"https:\/\/www.motokool.ee\/urban\/"},"modified":"2024-04-10T09:02:30","modified_gmt":"2024-04-10T06:02:30","slug":"urban","status":"publish","type":"page","link":"https:\/\/www.motokool.ee\/es\/koolitused\/urban\/","title":{"rendered":"Urban"},"content":{"rendered":"<p>[vc_row][vc_column][vc_column_text]<\/p>\n<h3 style=\"text-align: center;\">URBAN TRAINING DAY<\/h3>\n<h4 class=\"elementor-heading-title elementor-size-default\" style=\"text-align: center;\">\u00a1Si tu sue\u00f1o es viajar y sacarle el mayor partido a tu ciclomotor, entonces este entrenamiento es para TI!<\/h4>\n<p>[\/vc_column_text][vc_row_inner full_width=\u00bb\u00bb full_height=\u00bb\u00bb columns_placement=\u00bbmiddle\u00bb video_bg=\u00bb\u00bb video_bg_url=\u00bbhttps:\/\/www.youtube.com\/watch?v=lMJXxhRFO1k\u00bb video_bg_parallax=\u00bb\u00bb parallax=\u00bb\u00bb parallax_image=\u00bb\u00bb parallax_speed_video=\u00bb1.5&#8243; parallax_speed_bg=\u00bb1.5&#8243; css_animation=\u00bb\u00bb bg_type=\u00bb\u00bb parallax_style=\u00bb\u00bb bg_image_new=\u00bb\u00bb layer_image=\u00bb\u00bb bg_image_repeat=\u00bb\u00bb bg_image_size=\u00bb\u00bb bg_cstm_size=\u00bb\u00bb bg_img_attach=\u00bb\u00bb parallax_sense=\u00bb\u00bb bg_image_posiiton=\u00bb\u00bb animation_direction=\u00bb\u00bb animation_repeat=\u00bb\u00bb video_url=\u00bb\u00bb video_url_2=\u00bb\u00bb u_video_url=\u00bb\u00bb video_opts=\u00bb\u00bb video_poster=\u00bb\u00bb u_start_time=\u00bb\u00bb u_stop_time=\u00bb\u00bb viewport_vdo=\u00bb\u00bb enable_controls=\u00bb\u00bb bg_override=\u00bb\u00bb disable_on_mobile_img_parallax=\u00bb\u00bb parallax_content=\u00bb\u00bb parallax_content_sense=\u00bb\u00bb fadeout_row=\u00bb\u00bb fadeout_start_effect=\u00bb\u00bb enable_overlay=\u00bb\u00bb overlay_color=\u00bb\u00bb overlay_pattern=\u00bb\u00bb overlay_pattern_opacity=\u00bb\u00bb overlay_pattern_size=\u00bb\u00bb overlay_pattern_attachment=\u00bb\u00bb multi_color_overlay=\u00bb\u00bb multi_color_overlay_opacity=\u00bb\u00bb seperator_enable=\u00bb\u00bb seperator_type=\u00bb\u00bb seperator_position=\u00bb\u00bb seperator_shape_size=\u00bb\u00bb seperator_svg_height=\u00bb\u00bb seperator_shape_background=\u00bb\u00bb seperator_shape_border=\u00bb\u00bb seperator_shape_border_color=\u00bb\u00bb seperator_shape_border_width=\u00bb\u00bb icon_type=\u00bb\u00bb icon=\u00bb\u00bb icon_size=\u00bb\u00bb icon_color=\u00bb\u00bb icon_style=\u00bb\u00bb icon_color_bg=\u00bb\u00bb icon_border_style=\u00bb\u00bb icon_color_border=\u00bb\u00bb icon_border_size=\u00bb\u00bb icon_border_radius=\u00bb\u00bb icon_border_spacing=\u00bb\u00bb icon_img=\u00bb\u00bb img_width=\u00bb\u00bb ult_hide_row=\u00bb\u00bb ult_hide_row_large_screen=\u00bb\u00bb ult_hide_row_desktop=\u00bb\u00bb ult_hide_row_tablet=\u00bb\u00bb ult_hide_row_tablet_small=\u00bb\u00bb ult_hide_row_mobile=\u00bb\u00bb ult_hide_row_mobile_large=\u00bb\u00bb][vc_column_inner width=\u00bb1\/3&#8243; video_bg=\u00bb\u00bb video_bg_url=\u00bbhttps:\/\/www.youtube.com\/watch?v=lMJXxhRFO1k\u00bb video_bg_parallax=\u00bb\u00bb parallax=\u00bb\u00bb parallax_image=\u00bb\u00bb parallax_speed_video=\u00bb1.5&#8243; parallax_speed_bg=\u00bb1.5&#8243; css_animation=\u00bb\u00bb][\/vc_column_inner][vc_column_inner width=\u00bb1\/3&#8243; video_bg=\u00bb\u00bb video_bg_url=\u00bbhttps:\/\/www.youtube.com\/watch?v=lMJXxhRFO1k\u00bb video_bg_parallax=\u00bb\u00bb parallax=\u00bb\u00bb parallax_image=\u00bb\u00bb parallax_speed_video=\u00bb1.5&#8243; parallax_speed_bg=\u00bb1.5&#8243; css_animation=\u00bb\u00bb][vc_btn title=\u00bbREGISTRARSE\u00bb size=\u00bblg\u00bb align=\u00bbcenter\u00bb button_block=\u00bbtrue\u00bb link=\u00bburl:%2Fregistreerimine|title:Register\u00bb el_class=\u00bbsd-button\u00bb][vc_empty_space height=\u00bb30&#8243;][\/vc_column_inner][vc_column_inner width=\u00bb1\/3&#8243; video_bg=\u00bb\u00bb video_bg_url=\u00bbhttps:\/\/www.youtube.com\/watch?v=lMJXxhRFO1k\u00bb video_bg_parallax=\u00bb\u00bb parallax=\u00bb\u00bb parallax_image=\u00bb\u00bb parallax_speed_video=\u00bb1.5&#8243; parallax_speed_bg=\u00bb1.5&#8243; css_animation=\u00bb\u00bb][\/vc_column_inner][\/vc_row_inner][\/vc_column][\/vc_row][vc_row][vc_column][vc_column_text]https:\/\/www.youtube.com\/watch?v=m5YDqV0V00Y&amp;feature=emb_logo[\/vc_column_text][vc_column_text]El entrenamiento urbano est\u00e1 destinado a todos los que hace poco han recibido la categor\u00eda A de conducir y tambi\u00e9n a todo aqu\u00e9l que a\u00fan se sienta inseguro conduciendo su ciclomotor.<br \/>\nEn segundo lugar, este entrenamiento est\u00e1 pensado para aquellos que quieren prepararse para la pr\u00f3xima temporada estiva.<br \/>\nY por \u00faltimo, \u00e9ste es un entrenamiento simplemente necesario para todos aquellos que una vez hace mucho recibieron el permiso de conducir pero que por alg\u00fan motivo hace mucho tiempo que no conducen. En este entrenamiento refrescaremos todos los conocimientos y habilidades necesarios.<\/p>\n<p>El entrenamiento urbano est\u00e1 basado en una serie de ejercicios que se realizan en un territorio cerrado, es decir, en una pista. Los ejercicios se realizan a baja velocidad, donde la m\u00e1xima permitida es de 40 km\/h. Este programa comprende los siguientes ejercicios: mejorar su equilibrio y aprender a sentir\/tratar tu ciclomotor, marcha atr\u00e1s a muy baja velocidad, giros, slalom, vuelta atr\u00e1s y mucho m\u00e1s. Adem\u00e1s le damos mucha importancia a la teor\u00eda, donde observaremos diferentes t\u00e9cnicas de conducci\u00f3n y giros de inversi\u00f3n.<\/p>\n<p><strong>Condiciones para poder participar<\/strong>:<\/p>\n<ul>\n<li>Tener el permiso de conducir de la categor\u00eda A<\/li>\n<li>Tu propia motocicleta (la marca y el modelo no importa. En caso de necesidad puedes alquilar una por 60 \u20ac cada entrenamiento)<\/li>\n<li>Equipamiento de protecci\u00f3n (casco, chaqueta, pantalones, botas y guantes. En caso de necesidad puedes alquilarlo por 50 \u20ac cada entrenamiento).<\/li>\n<li>Neum\u00e1ticos de calle.<\/li>\n<\/ul>\n<p>Los entrenamientos se llevan a cabo individualmente, as\u00ed como en grupos peque\u00f1os.<\/p>\n<p>\u2013 El precio total de este curso en grupo es de <strong>60\u20ac<\/strong><br \/>\n\u2013 El precio de este curso individualmente y con tu propia motocicleta es de <strong>120\u20ac<\/strong><br \/>\n\u2013 N\u00famero m\u00e1ximo de participantes: 2-4<br \/>\n\u2013 El curso lo lleva a cabo un instructor profesional: Stanislav Tatarski.<\/p>\n<p>Para m\u00e1s informaci\u00f3n consulta <strong>v\u00eda telef\u00f3nica +372 5342 7294, Stanislav Tatarski<\/strong>[\/vc_column_text][vc_media_grid gap=\u00bb30&#8243; initial_loading_animation=\u00bbbounceIn\u00bb grid_id=\u00bbvc_gid:1712728885293-0f18b5e1-1c5d-1&#8243; include=\u00bb1011,991,999,1007,1003,995&#8243;][\/vc_column][\/vc_row]<\/p>\n","protected":false},"excerpt":{"rendered":"<p>[vc_row][vc_column][vc_column_text] URBAN TRAINING DAY \u00a1Si tu sue\u00f1o es viajar y sacarle el mayor partido a tu ciclomotor, entonces este entrenamiento es para TI! [\/vc_column_text][vc_row_inner full_width=\u00bb\u00bb full_height=\u00bb\u00bb columns_placement=\u00bbmiddle\u00bb video_bg=\u00bb\u00bb video_bg_url=\u00bbhttps:\/\/www.youtube.com\/watch?v=lMJXxhRFO1k\u00bb video_bg_parallax=\u00bb\u00bb parallax=\u00bb\u00bb parallax_image=\u00bb\u00bb parallax_speed_video=\u00bb1.5&#8243; parallax_speed_bg=\u00bb1.5&#8243; css_animation=\u00bb\u00bb bg_type=\u00bb\u00bb parallax_style=\u00bb\u00bb bg_image_new=\u00bb\u00bb layer_image=\u00bb\u00bb bg_image_repeat=\u00bb\u00bb bg_image_size=\u00bb\u00bb bg_cstm_size=\u00bb\u00bb bg_img_attach=\u00bb\u00bb parallax_sense=\u00bb\u00bb bg_image_posiiton=\u00bb\u00bb animation_direction=\u00bb\u00bb animation_repeat=\u00bb\u00bb video_url=\u00bb\u00bb video_url_2=\u00bb\u00bb u_video_url=\u00bb\u00bb video_opts=\u00bb\u00bb video_poster=\u00bb\u00bb u_start_time=\u00bb\u00bb u_stop_time=\u00bb\u00bb viewport_vdo=\u00bb\u00bb &#8230; <a title=\"Urban\" class=\"read-more\" href=\"https:\/\/www.motokool.ee\/es\/koolitused\/urban\/\" aria-label=\"More on Urban\">Read more<\/a><\/p>\n","protected":false},"author":1,"featured_media":1027,"parent":13178,"menu_order":0,"comment_status":"closed","ping_status":"closed","template":"","meta":{"_mi_skip_tracking":false,"_monsterinsights_sitenote_active":false,"_monsterinsights_sitenote_note":"","_monsterinsights_sitenote_category":0,"footnotes":""},"class_list":["post-13137","page","type-page","status-publish","has-post-thumbnail"],"aioseo_notices":[],"_links":{"self":[{"href":"https:\/\/www.motokool.ee\/es\/wp-json\/wp\/v2\/pages\/13137","targetHints":{"allow":["GET"]}}],"collection":[{"href":"https:\/\/www.motokool.ee\/es\/wp-json\/wp\/v2\/pages"}],"about":[{"href":"https:\/\/www.motokool.ee\/es\/wp-json\/wp\/v2\/types\/page"}],"author":[{"embeddable":true,"href":"https:\/\/www.motokool.ee\/es\/wp-json\/wp\/v2\/users\/1"}],"replies":[{"embeddable":true,"href":"https:\/\/www.motokool.ee\/es\/wp-json\/wp\/v2\/comments?post=13137"}],"version-history":[{"count":10,"href":"https:\/\/www.motokool.ee\/es\/wp-json\/wp\/v2\/pages\/13137\/revisions"}],"predecessor-version":[{"id":16233,"href":"https:\/\/www.motokool.ee\/es\/wp-json\/wp\/v2\/pages\/13137\/revisions\/16233"}],"up":[{"embeddable":true,"href":"https:\/\/www.motokool.ee\/es\/wp-json\/wp\/v2\/pages\/13178"}],"wp:featuredmedia":[{"embeddable":true,"href":"https:\/\/www.motokool.ee\/es\/wp-json\/wp\/v2\/media\/1027"}],"wp:attachment":[{"href":"https:\/\/www.motokool.ee\/es\/wp-json\/wp\/v2\/media?parent=13137"}],"curies":[{"name":"wp","href":"https:\/\/api.w.org\/{rel}","templated":true}]}}