{"id":13127,"date":"2021-01-26T16:21:41","date_gmt":"2021-01-26T14:21:41","guid":{"rendered":"https:\/\/www.motokool.ee\/track\/"},"modified":"2024-04-09T14:01:24","modified_gmt":"2024-04-09T11:01:24","slug":"track-training-day","status":"publish","type":"page","link":"https:\/\/www.motokool.ee\/es\/koolitused\/track-training-day\/","title":{"rendered":"Track"},"content":{"rendered":"<p>[vc_row][vc_column][vc_column_text]<\/p>\n<h3 style=\"text-align: center;\">TRACK TRAINING DAY<\/h3>\n<h4 class=\"elementor-heading-title elementor-size-default\" style=\"text-align: center;\">Si sue\u00f1as con conducir en un circuito y aprender a pasar curvas a gran velocidad este curso es para T\u00cd!<\/h4>\n<p>[\/vc_column_text][\/vc_column][\/vc_row][vc_row][vc_column width=\u00bb1\/3&#8243;][\/vc_column][vc_column width=\u00bb1\/3&#8243;][vc_btn title=\u00bbREGISTRARSE\u00bb size=\u00bblg\u00bb align=\u00bbcenter\u00bb button_block=\u00bbtrue\u00bb link=\u00bburl:%2Fregistreerimine|title:Register\u00bb el_class=\u00bbsd-button\u00bb][vc_empty_space height=\u00bb30&#8243;][\/vc_column][vc_column width=\u00bb1\/3&#8243;][\/vc_column][\/vc_row][vc_row][vc_column][vc_column_text]https:\/\/youtu.be\/_Wq0LtBGXLw[\/vc_column_text][vc_column_text]<strong>NIVEL 1<\/strong>&#8211; en cuanto a nivel de dificultad es el m\u00e1s seguro. Este curso es dirigido a los que han comenzado a conducir hace poco y desean elevar sus capacidades. El entrenamiento se llevar\u00e1 a cabo con su propia moto. El modelo, la marca o el tipo no tiene importancia. La t\u00e9cnica de pasar curvas es universal tanto para las motos deportivas, las cl\u00e1sicas, las cruiser y las enduro.<\/p>\n<p><strong>NIVEL 2<\/strong> (curso de dos d\u00edas)- es un curso para aquellos m\u00e1s avanzados, recomendado para quellos que hayan superado el curso NIVEL 1 o para aquellos que si que han tenido m\u00e1s pr\u00e1ctica conduciendo. En este curso nos centraremos m\u00e1s en aprender a tomar curvas y en las diferentes t\u00e9cnicas.<\/p>\n<p><strong>Programa del entrenamiento<\/strong>:<\/p>\n<p>Nos encontraremos en la pista Aravete (la hora para empezar la clase se concretar\u00e1 junto con la registraci\u00f3n del curso). Tendr\u00e1 lugar una presentaci\u00f3n de la pista, as\u00ed como de las reglas de seguridad. Despu\u00e9s habr\u00e1 una introducci\u00f3n sobre los siguientes temas: Control t\u00e9cnico del ciclomotor, presi\u00f3n de ruedas, posici\u00f3n del asiento, mantener las distancias, conducci\u00f3n, giros, velocidad, t\u00e9cnicas para tomar curvas y mucho m\u00e1s. La pr\u00e1ctica empezar\u00e1 despu\u00e9s de unas vueltas para calentar. Despu\u00e9s habr\u00e1 una peque\u00f1a pausa para descansar. Se comentar\u00e1n los errores cometidos y se entrar\u00e1 de nuevo a la pista. Antes de empezar cada ejercicio este ser\u00e1 explicado y se proporcionar\u00e1 la informaci\u00f3n apropiada para este.<\/p>\n<ul>\n<li>Tasa total del nivel 1 con su propia moto: <strong>160\u20ac<\/strong> (incluye el alquiler de la pista por 4 horas).<\/li>\n<li>Tasa total del nivel 2 con su propia moto: <strong>300 \u20ac<\/strong> (incluye el alquiler de la pista por 4 horas y comida).<\/li>\n<li>El grupo tiene una capacidad de 8 a 10 personas.<\/li>\n<li>El entrenamiento se llevar\u00e1 a cabo de la mano del legentario motociclista <strong>Marko Rohtlaan<\/strong>.<\/li>\n<li>Localizaci\u00f3n: Aravete kardirada (Nivel 1) ja auto24ring (Nivel 2).<\/li>\n<\/ul>\n<p>El entrenamiento se llevar\u00e1 a cabo con la cooperaci\u00f3n de Vihur MotoSport.<\/p>\n<p><strong>M\u00e1s informaci\u00f3n: +372 5342 7294 Stanislav Tatarski<\/strong>[\/vc_column_text][vc_media_grid gap=\u00bb30&#8243; initial_loading_animation=\u00bbbounceIn\u00bb grid_id=\u00bbvc_gid:1712660410353-ff43b919-f0ac-2&#8243; include=\u00bb13509,13493,13501,13489,13497,13517&#8243;][\/vc_column][\/vc_row]<\/p>\n","protected":false},"excerpt":{"rendered":"<p>[vc_row][vc_column][vc_column_text] TRACK TRAINING DAY Si sue\u00f1as con conducir en un circuito y aprender a pasar curvas a gran velocidad este curso es para T\u00cd! [\/vc_column_text][\/vc_column][\/vc_row][vc_row][vc_column width=\u00bb1\/3&#8243;][\/vc_column][vc_column width=\u00bb1\/3&#8243;][vc_btn title=\u00bbREGISTRARSE\u00bb size=\u00bblg\u00bb align=\u00bbcenter\u00bb button_block=\u00bbtrue\u00bb link=\u00bburl:%2Fregistreerimine|title:Register\u00bb el_class=\u00bbsd-button\u00bb][vc_empty_space height=\u00bb30&#8243;][\/vc_column][vc_column width=\u00bb1\/3&#8243;][\/vc_column][\/vc_row][vc_row][vc_column][vc_column_text]https:\/\/youtu.be\/_Wq0LtBGXLw[\/vc_column_text][vc_column_text]NIVEL 1&#8211; en cuanto a nivel de dificultad es el m\u00e1s seguro. Este curso es dirigido a los que han comenzado &#8230; <a title=\"Track\" class=\"read-more\" href=\"https:\/\/www.motokool.ee\/es\/koolitused\/track-training-day\/\" aria-label=\"More on Track\">Read more<\/a><\/p>\n","protected":false},"author":1,"featured_media":1040,"parent":13178,"menu_order":0,"comment_status":"closed","ping_status":"closed","template":"","meta":{"_mi_skip_tracking":false,"_monsterinsights_sitenote_active":false,"_monsterinsights_sitenote_note":"","_monsterinsights_sitenote_category":0,"footnotes":""},"class_list":["post-13127","page","type-page","status-publish","has-post-thumbnail"],"aioseo_notices":[],"_links":{"self":[{"href":"https:\/\/www.motokool.ee\/es\/wp-json\/wp\/v2\/pages\/13127","targetHints":{"allow":["GET"]}}],"collection":[{"href":"https:\/\/www.motokool.ee\/es\/wp-json\/wp\/v2\/pages"}],"about":[{"href":"https:\/\/www.motokool.ee\/es\/wp-json\/wp\/v2\/types\/page"}],"author":[{"embeddable":true,"href":"https:\/\/www.motokool.ee\/es\/wp-json\/wp\/v2\/users\/1"}],"replies":[{"embeddable":true,"href":"https:\/\/www.motokool.ee\/es\/wp-json\/wp\/v2\/comments?post=13127"}],"version-history":[{"count":22,"href":"https:\/\/www.motokool.ee\/es\/wp-json\/wp\/v2\/pages\/13127\/revisions"}],"predecessor-version":[{"id":16181,"href":"https:\/\/www.motokool.ee\/es\/wp-json\/wp\/v2\/pages\/13127\/revisions\/16181"}],"up":[{"embeddable":true,"href":"https:\/\/www.motokool.ee\/es\/wp-json\/wp\/v2\/pages\/13178"}],"wp:featuredmedia":[{"embeddable":true,"href":"https:\/\/www.motokool.ee\/es\/wp-json\/wp\/v2\/media\/1040"}],"wp:attachment":[{"href":"https:\/\/www.motokool.ee\/es\/wp-json\/wp\/v2\/media?parent=13127"}],"curies":[{"name":"wp","href":"https:\/\/api.w.org\/{rel}","templated":true}]}}