{"id":13123,"date":"2021-01-26T16:27:57","date_gmt":"2021-01-26T14:27:57","guid":{"rendered":"https:\/\/www.motokool.ee\/enduro\/"},"modified":"2021-02-23T10:15:13","modified_gmt":"2021-02-23T08:15:13","slug":"enduro","status":"publish","type":"page","link":"https:\/\/www.motokool.ee\/es\/koolitused\/enduro\/","title":{"rendered":"Enduro"},"content":{"rendered":"<p>[vc_row][vc_column][vc_column_text]<\/p>\n<h3 style=\"text-align: center;\">ENDURO TRAINING DAY<\/h3>\n<h4 class=\"elementor-heading-title elementor-size-default\" style=\"text-align: center;\">Si tu sue\u00f1o es conducir en off-road y aprender como conducir tu ciclomotor en diferentes condiciones, este entrenamiento es para T\u00cd.<\/h4>\n<p>[\/vc_column_text][vc_row_inner full_width=\u00bb\u00bb full_height=\u00bb\u00bb columns_placement=\u00bbmiddle\u00bb video_bg=\u00bb\u00bb video_bg_url=\u00bbhttps:\/\/www.youtube.com\/watch?v=lMJXxhRFO1k\u00bb video_bg_parallax=\u00bb\u00bb parallax=\u00bb\u00bb parallax_image=\u00bb\u00bb parallax_speed_video=\u00bb1.5&#8243; parallax_speed_bg=\u00bb1.5&#8243; css_animation=\u00bb\u00bb bg_type=\u00bb\u00bb parallax_style=\u00bb\u00bb bg_image_new=\u00bb\u00bb layer_image=\u00bb\u00bb bg_image_repeat=\u00bb\u00bb bg_image_size=\u00bb\u00bb bg_cstm_size=\u00bb\u00bb bg_img_attach=\u00bb\u00bb parallax_sense=\u00bb\u00bb bg_image_posiiton=\u00bb\u00bb animation_direction=\u00bb\u00bb animation_repeat=\u00bb\u00bb video_url=\u00bb\u00bb video_url_2=\u00bb\u00bb u_video_url=\u00bb\u00bb video_opts=\u00bb\u00bb video_poster=\u00bb\u00bb u_start_time=\u00bb\u00bb u_stop_time=\u00bb\u00bb viewport_vdo=\u00bb\u00bb enable_controls=\u00bb\u00bb bg_override=\u00bb\u00bb disable_on_mobile_img_parallax=\u00bb\u00bb parallax_content=\u00bb\u00bb parallax_content_sense=\u00bb\u00bb fadeout_row=\u00bb\u00bb fadeout_start_effect=\u00bb\u00bb enable_overlay=\u00bb\u00bb overlay_color=\u00bb\u00bb overlay_pattern=\u00bb\u00bb overlay_pattern_opacity=\u00bb\u00bb overlay_pattern_size=\u00bb\u00bb overlay_pattern_attachment=\u00bb\u00bb multi_color_overlay=\u00bb\u00bb multi_color_overlay_opacity=\u00bb\u00bb seperator_enable=\u00bb\u00bb seperator_type=\u00bb\u00bb seperator_position=\u00bb\u00bb seperator_shape_size=\u00bb\u00bb seperator_svg_height=\u00bb\u00bb seperator_shape_background=\u00bb\u00bb seperator_shape_border=\u00bb\u00bb seperator_shape_border_color=\u00bb\u00bb seperator_shape_border_width=\u00bb\u00bb icon_type=\u00bb\u00bb icon=\u00bb\u00bb icon_size=\u00bb\u00bb icon_color=\u00bb\u00bb icon_style=\u00bb\u00bb icon_color_bg=\u00bb\u00bb icon_border_style=\u00bb\u00bb icon_color_border=\u00bb\u00bb icon_border_size=\u00bb\u00bb icon_border_radius=\u00bb\u00bb icon_border_spacing=\u00bb\u00bb icon_img=\u00bb\u00bb img_width=\u00bb\u00bb ult_hide_row=\u00bb\u00bb ult_hide_row_large_screen=\u00bb\u00bb ult_hide_row_desktop=\u00bb\u00bb ult_hide_row_tablet=\u00bb\u00bb ult_hide_row_tablet_small=\u00bb\u00bb ult_hide_row_mobile=\u00bb\u00bb ult_hide_row_mobile_large=\u00bb\u00bb][vc_column_inner width=\u00bb1\/3&#8243; video_bg=\u00bb\u00bb video_bg_url=\u00bbhttps:\/\/www.youtube.com\/watch?v=lMJXxhRFO1k\u00bb video_bg_parallax=\u00bb\u00bb parallax=\u00bb\u00bb parallax_image=\u00bb\u00bb parallax_speed_video=\u00bb1.5&#8243; parallax_speed_bg=\u00bb1.5&#8243; css_animation=\u00bb\u00bb][\/vc_column_inner][vc_column_inner width=\u00bb1\/3&#8243; video_bg=\u00bb\u00bb video_bg_url=\u00bbhttps:\/\/www.youtube.com\/watch?v=lMJXxhRFO1k\u00bb video_bg_parallax=\u00bb\u00bb parallax=\u00bb\u00bb parallax_image=\u00bb\u00bb parallax_speed_video=\u00bb1.5&#8243; parallax_speed_bg=\u00bb1.5&#8243; css_animation=\u00bb\u00bb][vc_btn title=\u00bbREGISTRARSE\u00bb size=\u00bblg\u00bb align=\u00bbcenter\u00bb button_block=\u00bbtrue\u00bb link=\u00bburl:%23register\u00bb el_class=\u00bbsd-button\u00bb][vc_empty_space height=\u00bb30&#8243;][\/vc_column_inner][vc_column_inner width=\u00bb1\/3&#8243; video_bg=\u00bb\u00bb video_bg_url=\u00bbhttps:\/\/www.youtube.com\/watch?v=lMJXxhRFO1k\u00bb video_bg_parallax=\u00bb\u00bb parallax=\u00bb\u00bb parallax_image=\u00bb\u00bb parallax_speed_video=\u00bb1.5&#8243; parallax_speed_bg=\u00bb1.5&#8243; css_animation=\u00bb\u00bb][\/vc_column_inner][\/vc_row_inner][\/vc_column][\/vc_row][vc_row gap=\u00bb10&#8243;][vc_column][vc_column_text]https:\/\/youtu.be\/OMoALEBnzn4[\/vc_column_text][vc_column_text]<strong>LEVEL 1<\/strong> \u2013 el nivel m\u00e1s bajo de complejidad, en otras palabras, el m\u00e1s seguro. Recomendado para aquellos que nunca antes han conducido por caminos de guijarros y para aquellos que tienen ya alguna experiencia.<\/p>\n<p>El programa para el d\u00eda del entrenamiento:<br \/>\nParte 1: En la primera fase, entrenaremos en el suelo de grava, donde realizaremos diversos ejercicios sobre una moto en posici\u00f3n reposo. Esto nos dar\u00e1 una buena idea sobre c\u00f3mo se comporta una motocicleta cuando maniobra a baja velocidad a la vez que realiza elementos sencillos como la serpiente, girando en un lugar estrecho, conduciendo cuesta arriba, bajando, etc.<\/p>\n<p>Parte 2: Conduciremos por una ruta previamente planificada, que tiene una longitud de aproximadamente 80 km de gravilla, donde aprenderemos a sentir nuestra motocicleta, trabajando en la t\u00e9cnica de curvas. La ruta tambi\u00e9n incluye peque\u00f1as subidas, descensos, marcha atr\u00e1s y obst\u00e1culos. El tiempo aproximado que pasaremos en este circuito ser\u00e1 de 1 hora y media.[\/vc_column_text][vc_column_text]https:\/\/youtu.be\/eJZfJ3DPyj4[\/vc_column_text][vc_column_text]<strong>NIVEL 2<\/strong> \u2013 curso para aquellos avanzados, sirve a aquellos que hayan superado el NIVEL 1 o para aquellos que ya han conducido lo suficiente y quiere afianzar sus conocimientos.<\/p>\n<p>El programa del entrenamiento:<br \/>\nPrimera parte: Empezamos en una pista de grava, donde haremos diferentes ejercicios. El slaalom largo, el laberinto donde hay que hacer giros de retroceso varias veces en una zona limitada de giros, etc.<br \/>\nSegunda parte: Conduciremos por un camino planeado de 130 km, de gravilla y bosque. El 80 % es un camino TET. Aprenderemos a sentir nuestra motocicleta, practicando la t\u00e9cnica de pasar curvas. El camino tambi\u00e9n incluye una subida, bajadas y diferentes obst\u00e1culos a lo largo de este. M\u00e1s o menos durar\u00e1 dos horas y media.[\/vc_column_text][vc_column_text]<strong>NIVEL 3<\/strong> \u2013 curso para avanzados, vale para quellos que ya han superado los niveles anteriores de NIVEL 1 y NIVEL 2, o para aquellos que ya han conducido suficiente por senderos de gravilla y quieren afianzar sus conocimientos.<\/p>\n<p>Programa del entrenamiento:<br \/>\nPrimera parte: Empezaremos en una pista de asfalto donde realizaremos diferentes ejercicios: calentamiento, esquivar obst\u00e1culos, conducci\u00f3n libre por el asfalto, por la arena, entre arbustos, carriles, elevaciones con giros, bajadas a lenta velocidad.<br \/>\nSegunda parte: Conducir en secciones especialmente preparadas que consisten en elementos de ejercicios especiales. Secci\u00f3n 1: esquivar obst\u00e1culos (bancos, grava suelta, arena, piedras, etc.). Secci\u00f3n 2: Maniobras en zona restringida (sendero forestal).[\/vc_column_text][vc_column_text]<strong>Condiciones para participar<\/strong>:<br \/>\n\u2013\u00a0 Protective gear (helmet, bodyarmor, knee guards, enduro or motocross boots, gloves).<br \/>\n\u2013\u00a0 Proper tires: Michelin Anakee Wild, Continental TKC 80, Metzeler Karoo 3<br \/>\n\u2013\u00a0 A-category[\/vc_column_text][vc_column_text]<\/p>\n<ul>\n<li>El coste del entrenamiento con tu motocicleta: <strong>120\u20ac<\/strong><\/li>\n<li>El coste del entrenamiento es de <strong>270\u20ac<\/strong>&#8211; la suma incluye el alquiler de una moticileta BMW R1200GS para todo el d\u00eda.<\/li>\n<li>N\u00famero m\u00e1ximo de persona sen un grupo: <strong>6-8<\/strong><\/li>\n<li>El entrenamiento lo lleva a cabo el profesional y licenciado instructor de moticicleta- <strong>Arthur Kim <\/strong><\/li>\n<\/ul>\n<p>[\/vc_column_text][vc_column_text]<span style=\"font-family: LiberationSerif, serif;\"><span style=\"font-size: large;\"><span lang=\"es-ES\">El curso se puede completar alquilando una motocicleta <\/span>BMW R1200GS. Si usted lo desea puedes traer su propia motocicleta. <\/span><\/span><\/p>\n<p><span style=\"font-family: LiberationSerif, serif;\"><span style=\"font-size: large;\">Al finaal del curso, cada participante recibir\u00e1 un diploma de Motorrad4Life, confirmando la realizaci\u00f3n exitosa de la primera fase del d\u00eda de entrenamiento Enduro NIVEL 1. <\/span><\/span><\/p>\n<p><span style=\"font-family: LiberationSerif, serif;\"><span style=\"font-size: large;\">El entrenamiento ser\u00e1 conducido en colaboraci\u00f3n con Motorrad4life.<\/span><\/span><\/p>\n<p align=\"left\"><strong><span style=\"font-family: LiberationSerif, serif;\"><span style=\"font-size: large;\">Informaci\u00f3n adicional en el tel\u00e9fono +372 5342 7294, Stanislav Tatarsky.<\/span><\/span><\/strong><\/p>\n<p>[\/vc_column_text][vc_media_grid gap=\u00bb30&#8243; initial_loading_animation=\u00bbbounceIn\u00bb grid_id=\u00bbvc_gid:1614067591426-e5412a5d-5c75-10&#8243; include=\u00bb13525,13533,13529,13537,13541,13545&#8243;][\/vc_column][\/vc_row][vc_row full_width=\u00bbstretch_row_content_no_spaces\u00bb css=\u00bb.vc_custom_1613132321965{background-color: #f2f2f2 !important;}\u00bb el_id=\u00bbregister\u00bb][vc_column width=\u00bb1\/4&#8243;][\/vc_column][vc_column width=\u00bb1\/2&#8243;][vc_column_text]<\/p>\n<h3 style=\"text-align: center;\">Registrarse<\/h3>\n<p style=\"text-align: center;\">\n<div class=\"wpcf7 no-js\" id=\"wpcf7-f3898-o1\" lang=\"ru-RU\" dir=\"ltr\">\n<div class=\"screen-reader-response\"><p role=\"status\" aria-live=\"polite\" aria-atomic=\"true\"><\/p> <ul><\/ul><\/div>\n<form action=\"\/es\/wp-json\/wp\/v2\/pages\/13123#wpcf7-f3898-o1\" method=\"post\" class=\"wpcf7-form init\" aria-label=\"\u041a\u043e\u043d\u0442\u0430\u043a\u0442\u043d\u0430\u044f \u0444\u043e\u0440\u043c\u0430\" novalidate=\"novalidate\" data-status=\"init\">\n<div style=\"display: none;\">\n<input type=\"hidden\" name=\"_wpcf7\" value=\"3898\" \/>\n<input type=\"hidden\" name=\"_wpcf7_version\" value=\"5.8.4\" \/>\n<input type=\"hidden\" name=\"_wpcf7_locale\" value=\"ru_RU\" \/>\n<input type=\"hidden\" name=\"_wpcf7_unit_tag\" value=\"wpcf7-f3898-o1\" \/>\n<input type=\"hidden\" name=\"_wpcf7_container_post\" value=\"0\" \/>\n<input type=\"hidden\" name=\"_wpcf7_posted_data_hash\" value=\"\" \/>\n<input type=\"hidden\" name=\"redirect_nonce\" value=\"c12f471dc0\" \/>\n<input type=\"hidden\" name=\"wpcf7cfpdf_hidden_name\" value=\"document-pdf\" \/>\n<input type=\"hidden\" name=\"wpcf7cfpdf_hidden_reference\" value=\"69ff338a367ee\" \/>\n<input type=\"hidden\" name=\"wpcf7cfpdf_hidden_date\" value=\"05092026\" \/>\n<input type=\"hidden\" name=\"_wpcf7_recaptcha_response\" value=\"\" \/>\n<\/div>\n<div class=\"registration_form\">\n\t<p><label> Course: *<br \/>\n<span class=\"wpcf7-form-control-wrap\" data-name=\"choose_course\"><select class=\"wpcf7-form-control wpcf7-select wpcf7-validates-as-required\" id=\"subject\" aria-required=\"true\" aria-invalid=\"false\" name=\"choose_course\"><option value=\"Would like to register\">Would like to register<\/option><\/select><\/span> <\/label><br \/>\n<label> Name *<br \/>\n<span class=\"wpcf7-form-control-wrap\" data-name=\"your_name\"><input size=\"40\" class=\"wpcf7-form-control wpcf7-text wpcf7-validates-as-required\" aria-required=\"true\" aria-invalid=\"false\" value=\"\" type=\"text\" name=\"your_name\" \/><\/span> <\/label>\n\t<\/p>\n\t<p><label> Phone number *<br \/>\n<span class=\"wpcf7-form-control-wrap\" data-name=\"your_tel\"><input size=\"40\" class=\"wpcf7-form-control wpcf7-tel wpcf7-validates-as-required wpcf7-text wpcf7-validates-as-tel\" aria-required=\"true\" aria-invalid=\"false\" value=\"\" type=\"tel\" name=\"your_tel\" \/><\/span> <\/label>\n\t<\/p>\n\t<p><label> E-mail *<br \/>\n<span class=\"wpcf7-form-control-wrap\" data-name=\"your_email\"><input size=\"40\" class=\"wpcf7-form-control wpcf7-email wpcf7-validates-as-required wpcf7-text wpcf7-validates-as-email\" aria-required=\"true\" aria-invalid=\"false\" value=\"\" type=\"email\" name=\"your_email\" \/><\/span> <\/label>\n\t<\/p>\n\t<p><label> Driving experience *<br \/>\n<span class=\"wpcf7-form-control-wrap\" data-name=\"driving_experience\"><select class=\"wpcf7-form-control wpcf7-select wpcf7-validates-as-required\" aria-required=\"true\" aria-invalid=\"false\" name=\"driving_experience\"><option value=\"\">&#8212;\u0412\u044b\u0431\u0435\u0440\u0438\u0442\u0435 \u0432\u0430\u0440\u0438\u0430\u043d\u0442&#8212;<\/option><option value=\"0-1 year\">0-1 year<\/option><option value=\"1-2 years\">1-2 years<\/option><option value=\"3-5 years\">3-5 years<\/option><option value=\"6-10 years\">6-10 years<\/option><option value=\"more than 10 years\">more than 10 years<\/option><\/select><\/span> <\/label>\n\t<\/p>\n\t<p><span class=\"wpcf7-form-control-wrap\" data-name=\"rent_motorbike\"><span class=\"wpcf7-form-control wpcf7-radio rent_motorbike_radio\"><span class=\"wpcf7-list-item first\"><label><input type=\"radio\" name=\"rent_motorbike\" value=\"I wanna rent a BMW R1200GS Rally\" checked=\"checked\" \/><span class=\"wpcf7-list-item-label\">I wanna rent a BMW R1200GS Rally<\/span><\/label><\/span><span class=\"wpcf7-list-item last\"><label><input type=\"radio\" name=\"rent_motorbike\" value=\"I will be on my motorcycle\" \/><span class=\"wpcf7-list-item-label\">I will be on my motorcycle<\/span><\/label><\/span><\/span><\/span>\n\t<\/p>\n\t<p><label id=\"brand_model\" class=\"hidden\"> Motorcycle type and model<br \/>\n<span class=\"wpcf7-form-control-wrap\" data-name=\"brand_model\"><input size=\"40\" class=\"wpcf7-form-control wpcf7-text\" aria-invalid=\"false\" value=\"\" type=\"text\" name=\"brand_model\" \/><\/span> <\/label>\n\t<\/p>\n\t<p><input class=\"wpcf7-form-control wpcf7-submit has-spinner registration_btn\" type=\"submit\" value=\"Register\" \/>\n\t<\/p>\n<\/div>\n<p><script type=\"text\/javascript\">\n\tjQuery(function() {\n\t\tjQuery('input[name=\"rent_motorbike\"]').click(function(event) {\n\t\t\tif (jQuery(event.currentTarget).parent().parent().hasClass('last')) {\n\t\t\t\tjQuery('#brand_model').removeClass('hidden');\n\t\t\t} else {\n\t\t\t\tjQuery('#brand_model').addClass('hidden');\n\t\t\t}\n\t\t});\n\t\tjQuery('.wpcf7').on('wpcf7mailsent', function() {\n\t\t\tjQuery('#section-registration')[0].scrollIntoView({\n\t\t\t behavior: 'instant',\n\t\t\t block: 'center'\n\t\t\t});\n\t\t});\n\t\tjQuery('.wpcf7').on('wpcf7invalid wpcf7spam wpcf7mailfailed', function() {\n\t\t\tsetTimeout(function() {\n\t\t\t\tjQuery('.wpcf7-response-output')[0].scrollIntoView({\n\t\t\t\t behavior: 'smooth',\n\t\t\t\t block: 'center'\n\t\t\t\t});\n\t\t\t}, 50);\n\t\t});\n\t\tjQuery('#subject').change(onChangeCourse);\n\t\tfunction onChangeCourse() {\n\t\t\tvar msg = 'THIS COURSE IS FULL',\n\t\t\t\tpattern = new RegExp(msg),\n\t\t\t\tcourseIsFull = jQuery('#subject').val().search(msg) >= 0;\n\t\t\tjQuery('.custom_contact_form input').\n\t\t\tadd('.custom_contact_form textarea').\n\t\t\tadd('.custom_contact_form select').\n\t\t\tnot(':first').\n\t\t\tprop('disabled', courseIsFull);\n\t\t\tif (courseIsFull) {\n\t\t\t\talert(msg.charAt(0).toUpperCase() + msg.slice(1).toLowerCase());\n\t\t\t}\n\t\t}\n\t});\n<\/script>\n<\/p><div class=\"wpcf7-response-output\" aria-hidden=\"true\"><\/div>\n<\/form>\n<\/div>\n<p>[\/vc_column_text][\/vc_column][vc_column width=\u00bb1\/4&#8243;][\/vc_column][\/vc_row]<\/p>\n","protected":false},"excerpt":{"rendered":"<p>[vc_row][vc_column][vc_column_text] ENDURO TRAINING DAY Si tu sue\u00f1o es conducir en off-road y aprender como conducir tu ciclomotor en diferentes condiciones, este entrenamiento es para T\u00cd. [\/vc_column_text][vc_row_inner full_width=\u00bb\u00bb full_height=\u00bb\u00bb columns_placement=\u00bbmiddle\u00bb video_bg=\u00bb\u00bb video_bg_url=\u00bbhttps:\/\/www.youtube.com\/watch?v=lMJXxhRFO1k\u00bb video_bg_parallax=\u00bb\u00bb parallax=\u00bb\u00bb parallax_image=\u00bb\u00bb parallax_speed_video=\u00bb1.5&#8243; parallax_speed_bg=\u00bb1.5&#8243; css_animation=\u00bb\u00bb bg_type=\u00bb\u00bb parallax_style=\u00bb\u00bb bg_image_new=\u00bb\u00bb layer_image=\u00bb\u00bb bg_image_repeat=\u00bb\u00bb bg_image_size=\u00bb\u00bb bg_cstm_size=\u00bb\u00bb bg_img_attach=\u00bb\u00bb parallax_sense=\u00bb\u00bb bg_image_posiiton=\u00bb\u00bb animation_direction=\u00bb\u00bb animation_repeat=\u00bb\u00bb video_url=\u00bb\u00bb video_url_2=\u00bb\u00bb u_video_url=\u00bb\u00bb video_opts=\u00bb\u00bb video_poster=\u00bb\u00bb u_start_time=\u00bb\u00bb &#8230; <a title=\"Enduro\" class=\"read-more\" href=\"https:\/\/www.motokool.ee\/es\/koolitused\/enduro\/\" aria-label=\"More on Enduro\">Read more<\/a><\/p>\n","protected":false},"author":1,"featured_media":1055,"parent":13178,"menu_order":0,"comment_status":"closed","ping_status":"closed","template":"","meta":{"_mi_skip_tracking":false,"_monsterinsights_sitenote_active":false,"_monsterinsights_sitenote_note":"","_monsterinsights_sitenote_category":0,"footnotes":""},"class_list":["post-13123","page","type-page","status-publish","has-post-thumbnail"],"aioseo_notices":[],"_links":{"self":[{"href":"https:\/\/www.motokool.ee\/es\/wp-json\/wp\/v2\/pages\/13123","targetHints":{"allow":["GET"]}}],"collection":[{"href":"https:\/\/www.motokool.ee\/es\/wp-json\/wp\/v2\/pages"}],"about":[{"href":"https:\/\/www.motokool.ee\/es\/wp-json\/wp\/v2\/types\/page"}],"author":[{"embeddable":true,"href":"https:\/\/www.motokool.ee\/es\/wp-json\/wp\/v2\/users\/1"}],"replies":[{"embeddable":true,"href":"https:\/\/www.motokool.ee\/es\/wp-json\/wp\/v2\/comments?post=13123"}],"version-history":[{"count":17,"href":"https:\/\/www.motokool.ee\/es\/wp-json\/wp\/v2\/pages\/13123\/revisions"}],"predecessor-version":[{"id":14220,"href":"https:\/\/www.motokool.ee\/es\/wp-json\/wp\/v2\/pages\/13123\/revisions\/14220"}],"up":[{"embeddable":true,"href":"https:\/\/www.motokool.ee\/es\/wp-json\/wp\/v2\/pages\/13178"}],"wp:featuredmedia":[{"embeddable":true,"href":"https:\/\/www.motokool.ee\/es\/wp-json\/wp\/v2\/media\/1055"}],"wp:attachment":[{"href":"https:\/\/www.motokool.ee\/es\/wp-json\/wp\/v2\/media?parent=13123"}],"curies":[{"name":"wp","href":"https:\/\/api.w.org\/{rel}","templated":true}]}}